{"id":9350,"date":"2025-09-01T09:39:24","date_gmt":"2025-09-01T06:39:24","guid":{"rendered":"https:\/\/solaroutlet.lt\/?post_type=product&#038;p=9350"},"modified":"2025-10-27T09:32:43","modified_gmt":"2025-10-27T06:32:43","slug":"6mp-20x-speed-dome-vaidzo-stebejimo-kamera","status":"publish","type":"product","link":"https:\/\/solaroutlet.lt\/en\/produktas\/6mp-20x-speed-dome-vaidzo-stebejimo-kamera\/","title":{"rendered":"INOVISION 6 MP 20X IP PTZ Speed Dome vaizdo steb\u0117jimo kamera"},"content":{"rendered":"<p>\u0160i 6MP IP POE PTZ vaizdo kamera \u2013 tai <strong>pa\u017eangus ir kompetentingas sprendimas<\/strong> tiek nam\u0173, tiek verslo objekt\u0173 saugumui u\u017etikrinti. Kamera turi itin auk\u0161t\u0105<strong> 6MP<\/strong> siekian\u010di\u0105 vaizdo rai\u0161k\u0105, d\u0117l kurios \u012fmanoma matyti net smulkiausias detales. Kamera idealiai tinka steb\u0117ti automobili\u0173 aik\u0161teles, sand\u0117lius, ir biuro patalpas. \u012erenginyje taip pat yra integruota <strong>,,Danale\u2018\u2018 program\u0117l\u0117<\/strong>, su kuria galima steb\u0117ti savo saugomo objekto vaizd\u0105 realiu laiku, i\u0161 bet kurios pasaulio vietos. Taip pat yra palaikomas <strong>,,Cloud Storage\u2018\u2018<\/strong> su kuriuo yra galimyb\u0117 patikimai i\u0161saugoti vaizdo \u012fra\u0161us debesyje.<\/p>\n<p>Vienas did\u017eiausi\u0173 \u0161io modelio kameros privalum\u0173 &#8211; galimyb\u0117 vaizd\u0105 priastinti net 20 kart\u0173. D\u0117l to galima itin tiksliai priartinti norimus objektus neprarandant vaizdo kokyb\u0117s. Kameroje yra \u012fdiegta <strong>automatinio sekimo (auto tracking) funkcija<\/strong>, kuri leid\u017eia pa\u010diai kamerai automati\u0161kai sekti pasirinkt\u0105 objekt\u0105 steb\u0117jimo zonoje. \u0160i funkcija yra itin naudinga, norima u\u017etikrinti maksimali\u0105 apsaug\u0105, be papildom\u0173 kontroli\u0173 i\u0161 \u017emogaus.<\/p>\n<p>Kamera taip pat puikiai veikia ir nakt\u012f, nes yra <strong>,,IR\u2018\u2018 naktinio matymo re\u017eimas<\/strong>, veikiantis net iki 80 \u2013 100 metr\u0173 atstumo, tad nereikia r\u016bpintis, jog vaizdas b\u016bt\u0173 puikiai matomas ir fiksuojamas vis\u0105 par\u0105.<\/p>\n<p>Pagal technologinius sprendimus, \u0161i PTZ kamera <strong>garantuoja auk\u0161\u010diausius standartus<\/strong>. Taip pat yra palaikomi <strong>RTSP ir ONVIF 17.06<\/strong> protokolai, kurie leid\u017eia kameros vaizd\u0105 perduoti \u012f \u012fvairias programas ir \u012frenginius; taip pat u\u017etikrina, kad kamera b\u016bt\u0173 lengvai konfig\u016bruojama ir puikiai veikt\u0173 su skirting\u0173 gamintoj\u0173 IP kameromis ir \u012fra\u0161ymo \u012frenginiais.<\/p>\n<p>Kita i\u0161mani kameros funkcija \u2013 <strong>smart AI human auto tracking technologija<\/strong>. Ji u\u017etikrina, jog kamera gal\u0117t\u0173 tiksliai atskirti \u017emogaus jud\u0117jim\u0105 nuo med\u017ei\u0173 ar gyv\u016bn\u0173. \u0160i funkcija padeda suma\u017einti klaiding\u0173 signal\u0173 kiek\u012f bei padidina \u012frenginio ir visos apsaugos sistemos patikimum\u0105.<\/p>\n<p>Kameros korpusas yra tvirtas, pagamintas i\u0161 metalo, ir turi auk\u0161ta IP66 dr\u0117gm\u0117s bei dulki\u0173 atsparumo klas\u0119. D\u0117l jos, kamera puikia gali veikti tiek viduje, tiek lauke, \u012fvairiomis oro s\u0105lygomis.<\/p>\n<p><strong>Pagrindiniai 6 MP 20X IP PTZ Speed Dome vaizdo steb\u0117jimo kameros privalumai:<\/strong><\/p>\n<ul>\n<li>6 MP vaizdo rai\u0161ka<\/li>\n<li>Danale program\u0117le bei Cloud storage palaikymas<\/li>\n<li>20x optinis priartinimas neprarandant kokyb\u0117s<\/li>\n<li>Automatinis objekt\u0173 sekimas<\/li>\n<li>Naktinis matymas iki 100 metr\u0173<\/li>\n<li>RTSP ir ONVIF 06 palaikymas<\/li>\n<li>Smart AI human tracking \u2013 \u017emogaus judesi\u0173 atpa\u017einimas<\/li>\n<li>Integruotas mikrofonas<\/li>\n<\/ul>\n<p>&nbsp;<\/p>\n<p><strong>\u27a1\ufe0f<a href=\"https:\/\/vairema.lt\/wp-content\/uploads\/ptz-technical-parameters.pdf\">Technin\u0117s specifikacijos<\/a><\/strong><\/p>\n","protected":false},"excerpt":{"rendered":"<p>Profesionali auk\u0161tos kokyb\u0117s vaizdo steb\u0117jimo kamera su 6MP rai\u0161ka ir galingu 20x priartinimu. Kameroje taip pat integruota:<\/p>\n<ul>\n<li>Danale program\u0117le bei Cloud storage palaikymas<\/li>\n<li>Automatinis objekt\u0173 sekimas<\/li>\n<li>Naktinis matymas iki 100 metr\u0173<\/li>\n<li>RTSP ir ONVIF 06 palaikymas<\/li>\n<li>Smart AI human tracking \u2013 \u017emogaus judesi\u0173 atpa\u017einimas<\/li>\n<li>Integruotas mikrofonas<\/li>\n<\/ul>\n","protected":false},"featured_media":9375,"comment_status":"open","ping_status":"closed","template":"","meta":{"_acf_changed":false,"om_disable_all_campaigns":false,"_uf_show_specific_survey":0,"_uf_disable_surveys":false},"pwb-brand":[321],"gamintojas":[322],"product_brand":[],"product_cat":[323],"product_tag":[],"class_list":{"0":"post-9350","1":"product","2":"type-product","3":"status-publish","4":"has-post-thumbnail","6":"pwb-brand-inovision","7":"gamintojas-inovision","8":"product_cat-vaizdo-kameros-ir-ju-priedai","9":"product_shipping_class-b-pristatymo-klase","11":"first","12":"instock","13":"taxable","14":"shipping-taxable","15":"purchasable","16":"product-type-simple"},"acf":[],"aioseo_notices":[],"brands":[{"id":321,"name":"Inovision","slug":"inovision"}],"_links":{"self":[{"href":"https:\/\/solaroutlet.lt\/en\/wp-json\/wp\/v2\/product\/9350","targetHints":{"allow":["GET"]}}],"collection":[{"href":"https:\/\/solaroutlet.lt\/en\/wp-json\/wp\/v2\/product"}],"about":[{"href":"https:\/\/solaroutlet.lt\/en\/wp-json\/wp\/v2\/types\/product"}],"replies":[{"embeddable":true,"href":"https:\/\/solaroutlet.lt\/en\/wp-json\/wp\/v2\/comments?post=9350"}],"wp:featuredmedia":[{"embeddable":true,"href":"https:\/\/solaroutlet.lt\/en\/wp-json\/wp\/v2\/media\/9375"}],"wp:attachment":[{"href":"https:\/\/solaroutlet.lt\/en\/wp-json\/wp\/v2\/media?parent=9350"}],"wp:term":[{"taxonomy":"pwb-brand","embeddable":true,"href":"https:\/\/solaroutlet.lt\/en\/wp-json\/wp\/v2\/pwb-brand?post=9350"},{"taxonomy":"gamintojas","embeddable":true,"href":"https:\/\/solaroutlet.lt\/en\/wp-json\/wp\/v2\/gamintojas?post=9350"},{"taxonomy":"product_brand","embeddable":true,"href":"https:\/\/solaroutlet.lt\/en\/wp-json\/wp\/v2\/product_brand?post=9350"},{"taxonomy":"product_cat","embeddable":true,"href":"https:\/\/solaroutlet.lt\/en\/wp-json\/wp\/v2\/product_cat?post=9350"},{"taxonomy":"product_tag","embeddable":true,"href":"https:\/\/solaroutlet.lt\/en\/wp-json\/wp\/v2\/product_tag?post=9350"}],"curies":[{"name":"wp","href":"https:\/\/api.w.org\/{rel}","templated":true}]}}