{"id":9351,"date":"2025-09-01T09:32:25","date_gmt":"2025-09-01T06:32:25","guid":{"rendered":"https:\/\/solaroutlet.lt\/?post_type=product&#038;p=9351"},"modified":"2025-10-27T10:07:38","modified_gmt":"2025-10-27T07:07:38","slug":"inovision-plataus-matymo-kampo-kupoline-kamera","status":"publish","type":"product","link":"https:\/\/solaroutlet.lt\/en\/produktas\/inovision-plataus-matymo-kampo-kupoline-kamera\/","title":{"rendered":"INOVISION 6MP IP kupolin\u0117 PEO vaizdo kamera su pla\u010diu kampu ir mikrofonu"},"content":{"rendered":"<p><strong>\u0160i INOVISION 6MP IP POE kupolin\u0117 vaizdo kamera turinti plataus kampo l\u0119\u0161\u012f \u2013 tai kompetentingas sprendimas tiems, kurie vienu metu nori steb\u0117ti kuo didesn\u0119 teritorij\u0105.<\/strong><\/p>\n<p>Kameroje \u012fmontuotas <strong>2.1mm fiksuotas l\u0119\u0161is<\/strong>, u\u017etikrinantis plat\u0173 matymo kamp\u0105, iki <strong>153\u00b0<\/strong>. Ji puikiai tinka montavimui prie \u012f\u0117jim\u0173, koridoriuose, ir automobili\u0173 aik\u0161tel\u0117se \u2013 vietose, kur reikalingas vaizdas be akl\u0173j\u0173 zon\u0173.<\/p>\n<p>Prietaisas turi itin auk\u0161t\u0105<strong> 6MP<\/strong> siekian\u010di\u0105 vaizdo rai\u0161k\u0105, d\u0117l kurios \u012fmanoma matyti net smulkiausias detales. <strong>Ultra low illumination 0.1 Lux technologija<\/strong> garantuoja, kad J\u016bs\u0173 kamera puikiai matys visk\u0105 net pries labai silpno ap\u0161vietimo, o IR naktinis matymas iki 30 metr\u0173 leis patikim\u0105 steb\u0117jim\u0105 vis\u0105 par\u0105.<\/p>\n<p>Kupolin\u0117 kamera taip pat turi <strong>integruot\u0105 mikrofon\u0105<\/strong>, kuris leid\u017eia taip pat gird\u0117ti tai, kas vyksta aplinkui. \u012erenginys pasi\u017eymi ir i\u0161mania \u017emogaus judesio atpa\u017einimo technologija &#8211; ji padeda suma\u017einti klaiding\u0173 signal\u0173 kiek\u012f bei padidina \u012frenginio ir visos apsaugos sistemos patikimum\u0105.<\/p>\n<p>Kameros korpusas yra tvirtas, pagamintas i\u0161 metalo, ir turi auk\u0161ta <strong>IP66<\/strong> dr\u0117gm\u0117s bei dulki\u0173 atsparumo klas\u0119. D\u0117l jos, kamera puikia gali veikti tiek viduje, tiek lauke, \u012fvairiomis oro s\u0105lygomis. Kameroje taip pat yra ir <strong>\u017eaibo apsauga iki 4000V<\/strong>, kuri dar labiau u\u017etikrina saugum\u0105.<\/p>\n<p>Dar vienas patogus \u012frenginio privalumas \u2013<strong> PEO maitinimo palaikymas<\/strong>. D\u0117l \u0161ios savyb\u0117s, kameros vaizdo perdavimui ir energijai palaikyti u\u017etenka vieno tinklo kabelio. Kamera taip pat yra automati\u0161kai nustatyta nuotoliniam steb\u0117jimui, tod\u0117l vartotojas gali lengvai prisijungti per <strong>P2P Cloud<\/strong> paslaug\u0105, kompiuterin\u0119 program\u0105 ar mobili\u0105 aplikacij\u0105.<\/p>\n<p>Pagal technologinius sprendimus, \u0161i kamera <strong>garantuoja auk\u0161\u010diausius standartus<\/strong>. Taip pat yra palaikomi <strong>RTSP ir ONVIF 17.06<\/strong> protokolai, kurie leid\u017eia kameros vaizd\u0105 perduoti \u012f \u012fvairias programas ir \u012frenginius; taip pat u\u017etikrina, kad kamera b\u016bt\u0173 lengvai konfig\u016bruojama ir puikiai veikt\u0173 su skirting\u0173 gamintoj\u0173 IP kameromis ir \u012fra\u0161ymo \u012frenginiais.<\/p>\n<p>Pagrindiniai <strong>INOVISION 6MP privalumai:<\/strong><\/p>\n<ul>\n<li>6MP rai\u0161ka garantuojanti detal\u0173 vaizd\u0105<\/li>\n<li>153\u00b0 matymo kampas<\/li>\n<li>Naktinis matymas iki 30 metr\u0173<\/li>\n<li>Integruotas mikrofonas<\/li>\n<li>\u017dmogaus judesio atpa\u017einimas<\/li>\n<li>Paprastas montavimas ir PEO pajungimas<\/li>\n<li>IP66 korpusas ir \u017eaibo apsauga<\/li>\n<li>RTSP ir ONVIF 06 palaikymas<\/li>\n<li>Palaiko Hikvision protokol\u0105 8000, Plug-play metodu<\/li>\n<\/ul>\n","protected":false},"excerpt":{"rendered":"<p>Profesionali auk\u0161tos kokyb\u0117s vaizdo steb\u0117jimo kamera su 6MP rai\u0161ka ir pla\u010diu 153\u00b0 matymo kampu garantuoja puik\u0173 veikim\u0105 \u012fvairiomis oro s\u0105lygomis ir i\u0161man\u0173 valdym\u0105.<\/p>\n<ul>\n<li>Naktinis matymas iki 30 metr\u0173<\/li>\n<li>Integruotas mikrofonas<\/li>\n<li>\u017dmogaus judesio atpa\u017einimas<\/li>\n<li>Paprastas montavimas ir PEO pajungimas<\/li>\n<li>IP66 korpusas ir \u017eaibo apsauga<\/li>\n<\/ul>\n","protected":false},"featured_media":9372,"comment_status":"open","ping_status":"closed","template":"","meta":{"_acf_changed":false,"om_disable_all_campaigns":false,"_uf_show_specific_survey":0,"_uf_disable_surveys":false},"pwb-brand":[321],"gamintojas":[322],"product_brand":[],"product_cat":[323],"product_tag":[],"class_list":{"0":"post-9351","1":"product","2":"type-product","3":"status-publish","4":"has-post-thumbnail","6":"pwb-brand-inovision","7":"gamintojas-inovision","8":"product_cat-vaizdo-kameros-ir-ju-priedai","9":"product_shipping_class-b-pristatymo-klase","11":"first","12":"instock","13":"taxable","14":"shipping-taxable","15":"purchasable","16":"product-type-simple"},"acf":[],"aioseo_notices":[],"brands":[{"id":321,"name":"Inovision","slug":"inovision"}],"_links":{"self":[{"href":"https:\/\/solaroutlet.lt\/en\/wp-json\/wp\/v2\/product\/9351","targetHints":{"allow":["GET"]}}],"collection":[{"href":"https:\/\/solaroutlet.lt\/en\/wp-json\/wp\/v2\/product"}],"about":[{"href":"https:\/\/solaroutlet.lt\/en\/wp-json\/wp\/v2\/types\/product"}],"replies":[{"embeddable":true,"href":"https:\/\/solaroutlet.lt\/en\/wp-json\/wp\/v2\/comments?post=9351"}],"wp:featuredmedia":[{"embeddable":true,"href":"https:\/\/solaroutlet.lt\/en\/wp-json\/wp\/v2\/media\/9372"}],"wp:attachment":[{"href":"https:\/\/solaroutlet.lt\/en\/wp-json\/wp\/v2\/media?parent=9351"}],"wp:term":[{"taxonomy":"pwb-brand","embeddable":true,"href":"https:\/\/solaroutlet.lt\/en\/wp-json\/wp\/v2\/pwb-brand?post=9351"},{"taxonomy":"gamintojas","embeddable":true,"href":"https:\/\/solaroutlet.lt\/en\/wp-json\/wp\/v2\/gamintojas?post=9351"},{"taxonomy":"product_brand","embeddable":true,"href":"https:\/\/solaroutlet.lt\/en\/wp-json\/wp\/v2\/product_brand?post=9351"},{"taxonomy":"product_cat","embeddable":true,"href":"https:\/\/solaroutlet.lt\/en\/wp-json\/wp\/v2\/product_cat?post=9351"},{"taxonomy":"product_tag","embeddable":true,"href":"https:\/\/solaroutlet.lt\/en\/wp-json\/wp\/v2\/product_tag?post=9351"}],"curies":[{"name":"wp","href":"https:\/\/api.w.org\/{rel}","templated":true}]}}