{"id":9353,"date":"2025-09-01T10:12:09","date_gmt":"2025-09-01T07:12:09","guid":{"rendered":"https:\/\/solaroutlet.lt\/?post_type=product&#038;p=9353"},"modified":"2025-10-27T09:31:54","modified_gmt":"2025-10-27T06:31:54","slug":"8mp-dual-light-kupoline-kamera","status":"publish","type":"product","link":"https:\/\/solaroutlet.lt\/en\/produktas\/8mp-dual-light-kupoline-kamera\/","title":{"rendered":"INOVISION 8MP 5X Zoom Smart Dual-Light kupolin\u0117 PTZ IP kamera"},"content":{"rendered":"<p><strong>8MP 5X Zoom Smart Dual-Light kupolin\u0117 PTZ IP kamera\u00a0&#8211; tai pa\u017eangus ir kompetentingas sprendimas tiek nam\u0173, tiek verslo objekt\u0173 saugumui u\u017etikrinti.<\/strong><\/p>\n<p>Kamera turi itin auk\u0161t\u0105 <strong>8MP<\/strong> siekian\u010di\u0105 vaizdo rai\u0161k\u0105, d\u0117l kurios \u012fmanoma matyti net smulkiausias detales<strong> tiek dien\u0105, tiek nakt\u012f<\/strong>. Kamera idealiai tinka steb\u0117ti automobili\u0173 aik\u0161teles, sand\u0117lius, ir biuro patalpas. \u0160is INOVISION \u012frenginys sukurtas taip, kad b\u016bt\u0173 \u012fkomponuotos kelios svarbios savyb\u0117s \u012f vien\u0105: <strong>auk\u0161ta rai\u0161ka, naktinis matymas, ir i\u0161manios AI funkcijos<\/strong>.<\/p>\n<p>Pagrindinis ir did\u017eiausias prietaiso privalumas \u2013 8MP rai\u0161ka, kitaip vadinama <strong>4K<\/strong>. Ji u\u017etikrina ai\u0161k\u0173 ir kontratsing\u0105 vaizd\u0105, tod\u0117l gal\u0117site <strong>ai\u0161kiai matyti visas smulkias detales<\/strong>, tokias kaip \u017emogaus veido bruo\u017eus, automobilio numerius, ir kitus svarbius obektus. Lyginant \u0161\u012f model\u012f su 6MP kameromis, \u0161is garantuoja dar ai\u0161kesn\u012f ir tikslesn\u012f vaizd\u0105.<\/p>\n<p>Kameroje taip pat integruotas<strong> 5x optinis priartinimas<\/strong>, d\u0117l kurio, priartinus norimus objektus, vaizdo kokyb\u0117 nebus prarasta. Tai labiausiai naudinga stebint objektus, kuri\u0173 steb\u0117jimui reikia tiek plataus vaizdo, tiek galimyb\u0117s priartinti toliau esan\u010dius objektus.<\/p>\n<p>\u0160i INOVISION kamera u\u017etikrina ir <strong>nepriekai\u0161ting\u0105 naktin\u012f steb\u0117jim\u0105<\/strong> d\u0117l integruotos <strong>Dual-Light<\/strong> technologijos ir <strong>IR infraraudon\u0173j\u0173 spinduli\u0173 ap\u0161vietim\u0105<\/strong>, kuris leid\u017eia tamsiu paros metu metyti apie 40 metr\u0173. Baltos \u0161viesos <strong>LED diodai<\/strong> taip pat garantuoja spalvot\u0105 vaizd\u0105 net ir nakt\u012f. \u0160ios funkcijos \u012frenginiui suteikia dar daugiau prana\u0161umo d\u0117l saugumo, nes d\u0117l spalvoto vaizdo nakt\u012f yra lengviau atpa\u017einti visus objektus.<\/p>\n<p>D\u0117l kupolin\u0117s PTZ konstrukijos, kamer\u0105 taip pat galima <strong>sukin\u0117ti ar priartinti vaizd\u0105 nuotoliniu b\u016bdu<\/strong>. D\u0117l to, \u0161is vienas prietaisas gali pakeisti kelias \u012fprastas kameras, d\u0117l savo geb\u0117jimo apr\u0117pti didesn\u012f steb\u0117jmo plot\u0105.<\/p>\n<p>\u012erenginys pasi\u017eymi ir AI judesio bei \u017emogaus atpa\u017einimo funkcija, kuri leid\u017eia i\u0161vengti klaiding\u0173 signal\u0173.<\/p>\n<p>Techniniai kameros privalumai:<\/p>\n<ul>\n<li>8MP (4K) rai\u0161ka<\/li>\n<li>5X optinis priartinimas<\/li>\n<li>Naktinis re\u017eimas iki 40 metr\u0173 ir balta \u0161viesa spalvotam vaizdui<\/li>\n<li>Integruotas mikrofonas garso \u012fra\u0161ymui<\/li>\n<li>Suderinama su RTSP ir ONVIF 17.06 protokolais<\/li>\n<li>Galimas nuotolinis steb\u0117jimas per mobilias program\u0117les ar nar\u0161ykl\u0117je<\/li>\n<li>Metalinis korpusas ir IP66 atsparumo klas\u0117, teikianti apsaug\u0105 nuo lietaus ir dulki\u0173<\/li>\n<\/ul>\n<p><a href=\"https:\/\/vairema.lt\/wp-content\/uploads\/8mp-5x-zoom-smart-dual-light-kupoline-ptz-ip-vaizdo-kamera-balta.pdf\">\u27a1\ufe0fSertifikacija<\/a><\/p>\n","protected":false},"excerpt":{"rendered":"<p><strong>8MP 5X Zoom Smart Dual-Light kupolin\u0117 PTZ IP kamera\u00a0&#8211; tai pa\u017eangus ir kompetentingas sprendimas tiek nam\u0173, tiek verslo objekt\u0173 saugumui u\u017etikrinti<\/strong><\/p>\n<ul>\n<li>8MP (4K) rai\u0161ka<\/li>\n<li>5X optinis priartinimas<\/li>\n<li>Naktinis re\u017eimas iki 40 metr\u0173 ir balta \u0161viesa spalvotam vaizdui<\/li>\n<li>Integruotas mikrofonas garso \u012fra\u0161ymui<\/li>\n<li>Suderinama su RTSP ir ONVIF 17.06 protokolais<\/li>\n<li>Galimas nuotolinis steb\u0117jimas per mobilias program\u0117les ar nar\u0161ykl\u0117je<\/li>\n<li>Metalinis korpusas ir IP66 atsparumo klas\u0117, teikianti apsaug\u0105 nuo lietaus ir dulki\u0173<\/li>\n<\/ul>\n","protected":false},"featured_media":9379,"comment_status":"open","ping_status":"closed","template":"","meta":{"_acf_changed":false,"om_disable_all_campaigns":false,"_uf_show_specific_survey":0,"_uf_disable_surveys":false},"pwb-brand":[321],"gamintojas":[322],"product_brand":[],"product_cat":[323],"product_tag":[],"class_list":{"0":"post-9353","1":"product","2":"type-product","3":"status-publish","4":"has-post-thumbnail","6":"pwb-brand-inovision","7":"gamintojas-inovision","8":"product_cat-vaizdo-kameros-ir-ju-priedai","9":"product_shipping_class-b-pristatymo-klase","11":"first","12":"instock","13":"taxable","14":"shipping-taxable","15":"purchasable","16":"product-type-simple"},"acf":[],"aioseo_notices":[],"brands":[{"id":321,"name":"Inovision","slug":"inovision"}],"_links":{"self":[{"href":"https:\/\/solaroutlet.lt\/en\/wp-json\/wp\/v2\/product\/9353","targetHints":{"allow":["GET"]}}],"collection":[{"href":"https:\/\/solaroutlet.lt\/en\/wp-json\/wp\/v2\/product"}],"about":[{"href":"https:\/\/solaroutlet.lt\/en\/wp-json\/wp\/v2\/types\/product"}],"replies":[{"embeddable":true,"href":"https:\/\/solaroutlet.lt\/en\/wp-json\/wp\/v2\/comments?post=9353"}],"wp:featuredmedia":[{"embeddable":true,"href":"https:\/\/solaroutlet.lt\/en\/wp-json\/wp\/v2\/media\/9379"}],"wp:attachment":[{"href":"https:\/\/solaroutlet.lt\/en\/wp-json\/wp\/v2\/media?parent=9353"}],"wp:term":[{"taxonomy":"pwb-brand","embeddable":true,"href":"https:\/\/solaroutlet.lt\/en\/wp-json\/wp\/v2\/pwb-brand?post=9353"},{"taxonomy":"gamintojas","embeddable":true,"href":"https:\/\/solaroutlet.lt\/en\/wp-json\/wp\/v2\/gamintojas?post=9353"},{"taxonomy":"product_brand","embeddable":true,"href":"https:\/\/solaroutlet.lt\/en\/wp-json\/wp\/v2\/product_brand?post=9353"},{"taxonomy":"product_cat","embeddable":true,"href":"https:\/\/solaroutlet.lt\/en\/wp-json\/wp\/v2\/product_cat?post=9353"},{"taxonomy":"product_tag","embeddable":true,"href":"https:\/\/solaroutlet.lt\/en\/wp-json\/wp\/v2\/product_tag?post=9353"}],"curies":[{"name":"wp","href":"https:\/\/api.w.org\/{rel}","templated":true}]}}