{"id":9354,"date":"2025-09-01T10:40:21","date_gmt":"2025-09-01T07:40:21","guid":{"rendered":"https:\/\/solaroutlet.lt\/?post_type=product&#038;p=9354"},"modified":"2025-10-27T09:31:10","modified_gmt":"2025-10-27T06:31:10","slug":"inovision-5mp-ip-bullet-cilindrine-vaizdo-kamera-vai2055hk-f2-8","status":"publish","type":"product","link":"https:\/\/solaroutlet.lt\/en\/produktas\/inovision-5mp-ip-bullet-cilindrine-vaizdo-kamera-vai2055hk-f2-8\/","title":{"rendered":"INOVISION 5MP IP Bullet cilindrin\u0117 vaizdo kamera VAI2055HK F2.8"},"content":{"rendered":"<p><strong>5MP Bullet cilindrin\u0117 vaizdo kamera \u2013 tai saugus sprendimas tiek namams, tiek verslo objektams steb\u0117ti.<\/strong><\/p>\n<p>\u0160io modelio kamera pasi\u017eymi <strong>auk\u0161ta 5MP rai\u0161ka<\/strong>, su kuria ry\u0161kus, detalus, ir auk\u0161tas vaizdas yra garantuotas, leid\u017eiantis atpa\u017einti smulkias detales. \u012erenginys, d\u0117l savo konstrukcijos, yra tinkama montuoti tiek viduje, tiek lauko s\u0105lygomis. Jos tvirtas metalinis korpusas su <strong>IP66 apsaugos klase<\/strong>, garantuoja kameros atsparum\u0105 dr\u0117gmei, sniegui, dulk\u0117ms, bei visokiems temperat\u016bt\u0173 svyravimams.<\/p>\n<p>Kameroje yra integruotas modernus <strong>1\/3\u2033 UHD CMOS<\/strong> sensorius bei <strong>Ultra Low Illumination 0.01 Lux technologija<\/strong>, su kuria yra galimyb\u0117 u\u017efiksuoti kokybi\u0161k\u0105 vaizd\u0105 net prie<strong> labai silpno ap\u0161vietimo<\/strong>. Nakt\u012f kamera persijungia savo re\u017eim\u0105 su ICR filtru ir aktyvuojasi 2 galingi IR LED diodai, kurie <strong>garantuoja ry\u0161k\u0173 ir ai\u0161k\u0173 vaizd\u0105 nakt\u012f iki 30 metr\u0173<\/strong>.<\/p>\n<p>Vienas svarbu privalumas \u2013 <strong>integruotas mikrofonas<\/strong>, leid\u017eiantis \u012fra\u0161yti ne tik vaizd\u0105, bet ir gars\u0105. Taip pat yra \u012fdiegta <strong>\u017emogaus judesio detekcijos funkcija<\/strong>, u\u017etikrinanti detalesn\u012f steb\u0117jim\u0105, nes kamera geba atskirti \u017emogaus jud\u0117jima nuo pa\u0161alini\u0173 objekt\u0173 judesio (gyv\u016bn\u0173, med\u017ei\u0173, \u0161e\u0161\u0117li\u0173). Tai taip pat padidina saugum\u0105 ir suma\u017eina neteising\u0173 prane\u0161im\u0173 skai\u010di\u0173.<\/p>\n<p>Prietaisas yra puikiai suderinamas su Hikvision 8000 protokolu ir palaiko<strong> Plug&amp;Play<\/strong> veikimo b\u016bd\u0105. \u012erenginio pajungimas vykdomas per PEO platform\u0105, su kuria galima vienu tinklo kabeliu perduoti ne tik energij\u0105, bet ir vaizdo duomenis. Kamera yra labai <strong>paprastai integruojama<\/strong> \u012f nuotolinio steb\u0117jimo sistem\u0105. J\u0105 taip pat galima prijungti prie <strong>P2P Cloud paslaugos<\/strong>, d\u0117l kurios tiesiogin\u012f vaizd\u0105 galima matyti per interneto nar\u0161ykl\u0119, kompiuter\u012f, arba mobili\u0105j\u0105 aplikacij\u0105.<\/p>\n<p>Kamera yra technologi\u0161kai universali ir i\u0161siskiria savo universaliu suderinamumu, nes <strong>palaiko RTSP ir ONVIF 17.06 protokolus<\/strong>. Jie leid\u017eia \u012frenginiui be problem\u0173 veikti su \u012fvairi\u0173 gamintoj\u0173 tinklinio vaizdo \u012fra\u0161ymo \u012frenginiais ir j\u0173 steb\u0117jimo programine \u012franga.<\/p>\n<p><strong>5MP IP Bullet pagrindiniai privalumai:<\/strong><\/p>\n<ul>\n<li>Auk\u0161ta 5MP rai\u0161ka<\/li>\n<li>8 mm objektyvas su pla\u010diu kampu<\/li>\n<li>I\u0161manus \u017emogaus judesio atpa\u017einimas<\/li>\n<li>Naktinis matymas iki 30 metr\u0173 su IR LED diodais<\/li>\n<li>Integruotas mikrofonas<\/li>\n<li>PEO sujungimas<\/li>\n<li>RTSP ir ONVIF 17.06 protokol\u0173 palaikymas<\/li>\n<li>P2P cloud palaikymas skirtas nuotoliniam steb\u0117jimui<\/li>\n<li>IP66 metalinis korpusas ir 4000V \u017eaibo apsauga<\/li>\n<\/ul>\n<p>&nbsp;<\/p>\n<p><a href=\"https:\/\/vairema.lt\/wp-content\/uploads\/technin%C4%97-vaizdo-kameros-vai2055hk-specifikacija.pdf\">\u27a1\ufe0fSpecifikacija<\/a><\/p>\n<p><a href=\"https:\/\/vairema.lt\/wp-content\/uploads\/hikvision-vairema-instrukcija.pdf\">\u27a1\ufe0fNaudojimo instrukcija<\/a><\/p>\n","protected":false},"excerpt":{"rendered":"<p><strong>Cilindrin\u0117 bullet vaizdo kamera<\/strong><\/p>\n<ul>\n<li>Auk\u0161ta 5MP rai\u0161ka<\/li>\n<li>8 mm objektyvas su pla\u010diu kampu<\/li>\n<li>I\u0161manus \u017emogaus judesio atpa\u017einimas<\/li>\n<li>Naktinis matymas iki 30 metr\u0173 su IR LED diodais<\/li>\n<li>Integruotas mikrofonas<\/li>\n<li>P2P cloud palaikymas skirtas nuotoliniam steb\u0117jimui<\/li>\n<li>IP66 metalinis korpusas ir 4000V \u017eaibo apsauga<\/li>\n<\/ul>\n","protected":false},"featured_media":9382,"comment_status":"open","ping_status":"closed","template":"","meta":{"_acf_changed":false,"om_disable_all_campaigns":false,"_uf_show_specific_survey":0,"_uf_disable_surveys":false},"pwb-brand":[321],"gamintojas":[322],"product_brand":[],"product_cat":[323],"product_tag":[],"class_list":{"0":"post-9354","1":"product","2":"type-product","3":"status-publish","4":"has-post-thumbnail","6":"pwb-brand-inovision","7":"gamintojas-inovision","8":"product_cat-vaizdo-kameros-ir-ju-priedai","10":"first","11":"instock","12":"taxable","13":"shipping-taxable","14":"purchasable","15":"product-type-simple"},"acf":[],"aioseo_notices":[],"brands":[{"id":321,"name":"Inovision","slug":"inovision"}],"_links":{"self":[{"href":"https:\/\/solaroutlet.lt\/en\/wp-json\/wp\/v2\/product\/9354","targetHints":{"allow":["GET"]}}],"collection":[{"href":"https:\/\/solaroutlet.lt\/en\/wp-json\/wp\/v2\/product"}],"about":[{"href":"https:\/\/solaroutlet.lt\/en\/wp-json\/wp\/v2\/types\/product"}],"replies":[{"embeddable":true,"href":"https:\/\/solaroutlet.lt\/en\/wp-json\/wp\/v2\/comments?post=9354"}],"wp:featuredmedia":[{"embeddable":true,"href":"https:\/\/solaroutlet.lt\/en\/wp-json\/wp\/v2\/media\/9382"}],"wp:attachment":[{"href":"https:\/\/solaroutlet.lt\/en\/wp-json\/wp\/v2\/media?parent=9354"}],"wp:term":[{"taxonomy":"pwb-brand","embeddable":true,"href":"https:\/\/solaroutlet.lt\/en\/wp-json\/wp\/v2\/pwb-brand?post=9354"},{"taxonomy":"gamintojas","embeddable":true,"href":"https:\/\/solaroutlet.lt\/en\/wp-json\/wp\/v2\/gamintojas?post=9354"},{"taxonomy":"product_brand","embeddable":true,"href":"https:\/\/solaroutlet.lt\/en\/wp-json\/wp\/v2\/product_brand?post=9354"},{"taxonomy":"product_cat","embeddable":true,"href":"https:\/\/solaroutlet.lt\/en\/wp-json\/wp\/v2\/product_cat?post=9354"},{"taxonomy":"product_tag","embeddable":true,"href":"https:\/\/solaroutlet.lt\/en\/wp-json\/wp\/v2\/product_tag?post=9354"}],"curies":[{"name":"wp","href":"https:\/\/api.w.org\/{rel}","templated":true}]}}