{"id":9414,"date":"2025-09-03T15:50:04","date_gmt":"2025-09-03T12:50:04","guid":{"rendered":"https:\/\/solaroutlet.lt\/?post_type=product&#038;p=9414"},"modified":"2026-04-15T09:49:25","modified_gmt":"2026-04-15T06:49:25","slug":"trinasolar-710-w-vertex-neg21c-20-bifacial-stiklas-stiklas-saules-moduliai","status":"publish","type":"product","link":"https:\/\/solaroutlet.lt\/en\/produktas\/trinasolar-710-w-vertex-neg21c-20-bifacial-stiklas-stiklas-saules-moduliai\/","title":{"rendered":"TrinaSolar 710 W VERTEX NEG21C.20 Bifacial stiklas\/stiklas saul\u0117s moduliai"},"content":{"rendered":"<ul>\n<li>Moduliai Stiklas\/Stiklas<\/li>\n<li>Saul\u0117s modulio efektyvumas 22,9%<\/li>\n<li>12 met\u0173 produkto garantija.<\/li>\n<li>Vir\u0161utinis\/apatinis stiklas &#8211; 2 mm.<\/li>\n<li>Suteikiama 30 met\u0173 efektyvumo garantija, kuri garantuoja, kad po 30 met\u0173 modulis dirbs ne ma\u017eesniu kaip 87,4% efektyvumu.<\/li>\n<li>Modulio matmenys: 2384*1303*33 mm.<\/li>\n<li>Modulio svoris \u2013 38.3 kg.<\/li>\n<\/ul>\n<p>&nbsp;<\/p>\n<p><strong>TECHNINIAI DUOMENYS ATSISIUNTIMUI:<\/strong><\/p>\n<p><strong>\u27a1\ufe0f<a href=\"https:\/\/solaroutlet.lt\/wp-content\/uploads\/2025\/09\/original.pdf\">Technini\u0173 specifikacij\u0173 dokumentas <\/a><\/strong><\/p>\n","protected":false},"excerpt":{"rendered":"<p>D\u0117l pa\u017eangios Vertex technologijos, atnaujintas Vertex S modulis siekia 710W i\u0161\u0117jimo gali\u0105, o modulio efektyvumas yra 22,9%.<\/p>\n<p>Modulis suprojektuotas taip, kad atitikt\u0173 galios, efektyvumo, dyd\u017eio, svorio, i\u0161vaizdos, mechanin\u0117s apkrovos ir patikimumo reikalavimus. Jis pasiekia geriausi\u0105 galios, dyd\u017eio ir svorio balans\u0105.<\/p>\n","protected":false},"featured_media":9417,"comment_status":"open","ping_status":"closed","template":"","meta":{"_acf_changed":false,"om_disable_all_campaigns":false,"_uf_show_specific_survey":0,"_uf_disable_surveys":false},"pwb-brand":[248],"gamintojas":[94],"product_brand":[],"product_cat":[93],"product_tag":[],"class_list":{"0":"post-9414","1":"product","2":"type-product","3":"status-publish","4":"has-post-thumbnail","6":"pwb-brand-trinasolar","7":"gamintojas-trinasolar","8":"product_cat-moduliai","9":"product_shipping_class-f-pristatymo-klase","11":"first","12":"instock","13":"taxable","14":"shipping-taxable","15":"purchasable","16":"product-type-simple"},"acf":[],"aioseo_notices":[],"brands":[{"id":248,"name":"TrinaSolar","slug":"trinasolar"}],"_links":{"self":[{"href":"https:\/\/solaroutlet.lt\/en\/wp-json\/wp\/v2\/product\/9414","targetHints":{"allow":["GET"]}}],"collection":[{"href":"https:\/\/solaroutlet.lt\/en\/wp-json\/wp\/v2\/product"}],"about":[{"href":"https:\/\/solaroutlet.lt\/en\/wp-json\/wp\/v2\/types\/product"}],"replies":[{"embeddable":true,"href":"https:\/\/solaroutlet.lt\/en\/wp-json\/wp\/v2\/comments?post=9414"}],"wp:featuredmedia":[{"embeddable":true,"href":"https:\/\/solaroutlet.lt\/en\/wp-json\/wp\/v2\/media\/9417"}],"wp:attachment":[{"href":"https:\/\/solaroutlet.lt\/en\/wp-json\/wp\/v2\/media?parent=9414"}],"wp:term":[{"taxonomy":"pwb-brand","embeddable":true,"href":"https:\/\/solaroutlet.lt\/en\/wp-json\/wp\/v2\/pwb-brand?post=9414"},{"taxonomy":"gamintojas","embeddable":true,"href":"https:\/\/solaroutlet.lt\/en\/wp-json\/wp\/v2\/gamintojas?post=9414"},{"taxonomy":"product_brand","embeddable":true,"href":"https:\/\/solaroutlet.lt\/en\/wp-json\/wp\/v2\/product_brand?post=9414"},{"taxonomy":"product_cat","embeddable":true,"href":"https:\/\/solaroutlet.lt\/en\/wp-json\/wp\/v2\/product_cat?post=9414"},{"taxonomy":"product_tag","embeddable":true,"href":"https:\/\/solaroutlet.lt\/en\/wp-json\/wp\/v2\/product_tag?post=9414"}],"curies":[{"name":"wp","href":"https:\/\/api.w.org\/{rel}","templated":true}]}}