{"id":9419,"date":"2025-09-05T09:47:51","date_gmt":"2025-09-05T06:47:51","guid":{"rendered":"https:\/\/solaroutlet.lt\/?post_type=product&#038;p=9419"},"modified":"2026-04-21T09:37:52","modified_gmt":"2026-04-21T06:37:52","slug":"5-kw-saules-elektirne-10-kwh-energijos-kaupiklis-sungrow","status":"publish","type":"product","link":"https:\/\/solaroutlet.lt\/en\/produktas\/5-kw-saules-elektirne-10-kwh-energijos-kaupiklis-sungrow\/","title":{"rendered":"5 kW saul\u0117s elektrin\u0117 + 12.8 kWh energijos kaupiklis Sungrow"},"content":{"rendered":"<h2><strong>Sungrow SH6.0RS, 6 kW hibridinio inverterio apra\u0161ymas:<\/strong><\/h2>\n<ul>\n<li>Efektyvumas 97.3 %.<\/li>\n<li>Tipas \u2013 trifazis inverteris.<\/li>\n<li>Galia \u2013 6 kW.<\/li>\n<li>Integruota apsauga nuo vir\u0161\u012ftampi\u0173.<\/li>\n<li>Nuotolinio steb\u0117jimo galimyb\u0117.<\/li>\n<li>10 met\u0173 garantija.<\/li>\n<li>I\u0161matavimai 490*340*170 mm.<\/li>\n<li>Svoris 18.5 kg.<\/li>\n<li>Rekomenduojama max., PV galia \u2013 13,000 Wp.<\/li>\n<\/ul>\n<p><strong>DTSU666 i\u0161maniojo skaitiklio apra\u0161ymas:<\/strong><\/p>\n<ul>\n<li>Fazi\u0173 skai\u010dius 3<\/li>\n<li>Svoris 0,4 kg<\/li>\n<li>Matmenys 98 mm x 65 mm x 72 mm<\/li>\n<\/ul>\n<p><strong>TECHNINIAI DUOMENYS ATSISIUNTIMUI:<\/strong><\/p>\n<p><strong>\u27a1\ufe0f<a href=\"https:\/\/solaroutlet.lt\/wp-content\/uploads\/2025\/09\/Datasheet_SH5_6RS.pdf\">Sungrow SH6.0RS inverterio technin\u0117s specifikacijos dokumentas<\/a><\/strong><\/p>\n<p><strong>\u27a1\ufe0f<a href=\"https:\/\/solaroutlet.lt\/wp-content\/uploads\/2025\/04\/CHINT-DTSU666.pdf\">DTSU666 Techniniai duomenys \u010dia<\/a>;<\/strong><\/p>\n<p>&nbsp;<\/p>\n<h2><strong>TrinaSolar VERTEX S+ 465W NEG9R.28, N-Type Stiklas\/Stiklas moduli\u0173 apra\u0161ymas:<\/strong><\/h2>\n<ul>\n<li>Moduliai Stiklas\/Stiklas<\/li>\n<li>Saul\u0117s modulio efektyvumas 23,3%<\/li>\n<li>25 met\u0173 produkto garantija.<\/li>\n<li>Suteikiama 30 met\u0173 efektyvumo garantija, kuri garantuoja, kad po 30 met\u0173 modulis dirbs ne ma\u017eesniu kaip 87,4% efektyvumu.<\/li>\n<li>Modulio matmenys: 1762*1134*30 mm.<\/li>\n<li>Modulio svoris \u2013 21 kg.<\/li>\n<\/ul>\n<p>&nbsp;<\/p>\n<p><strong>TECHNINIAI DUOMENYS ATSISIUNTIMUI:<\/strong><\/p>\n<p><strong>\u27a1\ufe0f<a href=\"https:\/\/solaroutlet.lt\/wp-content\/uploads\/2024\/03\/dt-m-0084-g-en-f-datasheet-vertex-s-neg9r-25-2025-c-20251227.pdf\" target=\"_blank\" rel=\"noopener\">Techniniai duomenys \u010dia<\/a>;<\/strong><\/p>\n<p>&nbsp;<\/p>\n<h2><strong>Tvirtinimo konstrukcija:<\/strong><\/h2>\n<ul>\n<li>Trapeciniai b\u0117geliai\/ trapezoidai.<\/li>\n<li>Tvirtinimo savisriegiai.<\/li>\n<li>Galiniai modulio laikikliai.<\/li>\n<li>Vidurinis modulio laikikliai.<\/li>\n<\/ul>\n<p>&nbsp;<\/p>\n<h2><strong>Sungrow SBR128 energijos kaupiklio apra\u0161ymas:<\/strong><\/h2>\n<ul>\n<li>Akumuliatoriaus tipas:\u00a0LiFePO4<\/li>\n<li>Talpa: 12.8 kWh<\/li>\n<li>Nominali \u012ftampa: 256 V<\/li>\n<li>Akumuliatori\u0173 moduli\u0173 skai\u010dius: 4<\/li>\n<li>Darbin\u0117s \u012ftampos diapazonas: 200-292 V<\/li>\n<li>I\u0161krovos gylis (DoD): 100%<\/li>\n<li>\u012ekrovimo temperat\u016bra:\u00a00\u201350\u00b0C<\/li>\n<li>I\u0161krovimo temperat\u016bra: -20\u201350\u00b0C<\/li>\n<li>Matmenys (P x G x A): 625x675x330 mm<\/li>\n<li>Svoris: 147 kg<\/li>\n<li>Apsaugos lygis: IP55<\/li>\n<li>Sertifikvimas: CE, CEC, IEC 62619, IEC 62040, UN38.3, VDE 2510-50, IEC 62477, IEC 63056, IEC 61000, UKCA<\/li>\n<li>Produkto garantija: 10 met\u0173<\/li>\n<\/ul>\n<p>&nbsp;<\/p>\n<p><strong>TECHNINIAI DUOMENYS ATSISIUNTIMUI:<\/strong><\/p>\n<p><strong>\u27a1\ufe0f<a href=\"https:\/\/solaroutlet.lt\/wp-content\/uploads\/2025\/09\/Sungrow-SBR-kaupiklis.pdf\">Sungrow SBR kaupiklio technin\u0117s specifikacijos dokumentai.<\/a><\/strong><\/p>\n","protected":false},"excerpt":{"rendered":"<p><strong>5,46 kW saul\u0117s elektrin\u0117s \u012frangos komplektas \u012f kur\u012f \u012feina:<\/strong><\/p>\n<ul>\n<li>1 vnt., Hibridinis Sungrow SH6.0RS, 6kW inverteris.<\/li>\n<li>1 vnt. Smartmeter DTSU666<\/li>\n<li>12 vnt., TrinaSolar VERTEX S+ NEG9R.28 465 W, N-Type Stiklas\/Stiklas.<\/li>\n<li>Trapecin\u0117s skardos stogui skirta tvirtinimo konstrukcija, 10 met\u0173 garantija (komplektas 12 vnt. moduliams)<\/li>\n<\/ul>\n<p><strong>12.8 kWh elektros energijos kaupiklio komplektas \u012f kur\u012f \u012feina:<\/strong><\/p>\n<ul>\n<li>Sungrow SBR baterijos valdiklis BDU &#8211; 1 vnt.<\/li>\n<li>Sungrow SBR baterijos modulis 3.2 kWh &#8211; 4 vnt.<\/li>\n<\/ul>\n<div class=\"description woocommerce-product-details__short-description\">\n<div class=\"description woocommerce-product-details__short-description\">\n<p><a href=\"https:\/\/solaroutlet.lt\/apva-parama-saules-elektrinems-2025-m-fiziniams-asmenims\/\"><img decoding=\"async\" class=\"alignleft wp-image-8271\" src=\"http:\/\/solaroutlet.lt\/wp-content\/uploads\/2025\/02\/Lietuvos-energetikos-agentura-finansavimas-300x155.png\" alt=\"\" width=\"207\" height=\"107\" \/><\/a><\/p>\n<\/div>\n<\/div>\n<div class=\"wpb_custom_0ee23895009ca265b2bcfc2b33fb9222\"><\/div>\n<p><!--more--><\/p>\n<p><a href=\"https:\/\/solaroutlet.lt\/nerandate-tinkamo-komplekto-susisiekime\/\"><img decoding=\"async\" class=\"alignnone wp-image-8553\" src=\"http:\/\/solaroutlet.lt\/wp-content\/uploads\/2025\/03\/Nerandate-tinkamo-komplekto-3-300x155.png\" alt=\"\" width=\"211\" height=\"109\" \/><\/a><\/p>\n","protected":false},"featured_media":9503,"comment_status":"open","ping_status":"closed","template":"","meta":{"_acf_changed":false,"om_disable_all_campaigns":false,"_uf_show_specific_survey":0,"_uf_disable_surveys":false},"pwb-brand":[182,248],"gamintojas":[98,94],"product_brand":[],"product_cat":[291],"product_tag":[],"class_list":{"0":"post-9419","1":"product","2":"type-product","3":"status-publish","4":"has-post-thumbnail","6":"pwb-brand-sungrow","7":"pwb-brand-trinasolar","8":"gamintojas-sungrow","9":"gamintojas-trinasolar","10":"product_cat-saules-elektriniu-komplektai-ramus","11":"product_shipping_class-h-pristatymo-klase","13":"first","14":"instock","15":"sale","16":"taxable","17":"shipping-taxable","18":"purchasable","19":"product-type-simple"},"acf":[],"aioseo_notices":[],"brands":[{"id":182,"name":"Sungrow","slug":"sungrow"},{"id":248,"name":"TrinaSolar","slug":"trinasolar"}],"_links":{"self":[{"href":"https:\/\/solaroutlet.lt\/en\/wp-json\/wp\/v2\/product\/9419","targetHints":{"allow":["GET"]}}],"collection":[{"href":"https:\/\/solaroutlet.lt\/en\/wp-json\/wp\/v2\/product"}],"about":[{"href":"https:\/\/solaroutlet.lt\/en\/wp-json\/wp\/v2\/types\/product"}],"replies":[{"embeddable":true,"href":"https:\/\/solaroutlet.lt\/en\/wp-json\/wp\/v2\/comments?post=9419"}],"wp:featuredmedia":[{"embeddable":true,"href":"https:\/\/solaroutlet.lt\/en\/wp-json\/wp\/v2\/media\/9503"}],"wp:attachment":[{"href":"https:\/\/solaroutlet.lt\/en\/wp-json\/wp\/v2\/media?parent=9419"}],"wp:term":[{"taxonomy":"pwb-brand","embeddable":true,"href":"https:\/\/solaroutlet.lt\/en\/wp-json\/wp\/v2\/pwb-brand?post=9419"},{"taxonomy":"gamintojas","embeddable":true,"href":"https:\/\/solaroutlet.lt\/en\/wp-json\/wp\/v2\/gamintojas?post=9419"},{"taxonomy":"product_brand","embeddable":true,"href":"https:\/\/solaroutlet.lt\/en\/wp-json\/wp\/v2\/product_brand?post=9419"},{"taxonomy":"product_cat","embeddable":true,"href":"https:\/\/solaroutlet.lt\/en\/wp-json\/wp\/v2\/product_cat?post=9419"},{"taxonomy":"product_tag","embeddable":true,"href":"https:\/\/solaroutlet.lt\/en\/wp-json\/wp\/v2\/product_tag?post=9419"}],"curies":[{"name":"wp","href":"https:\/\/api.w.org\/{rel}","templated":true}]}}