{"id":9505,"date":"2025-09-18T10:31:09","date_gmt":"2025-09-18T07:31:09","guid":{"rendered":"https:\/\/solaroutlet.lt\/?post_type=product&#038;p=9505"},"modified":"2026-04-20T15:48:57","modified_gmt":"2026-04-20T12:48:57","slug":"5-kw-saules-elektrine-10-kwh-energijos-kaupiklis-solis-trina-ir-dyness","status":"publish","type":"product","link":"https:\/\/solaroutlet.lt\/en\/produktas\/5-kw-saules-elektrine-10-kwh-energijos-kaupiklis-solis-trina-ir-dyness\/","title":{"rendered":"5 kW saul\u0117s elektrin\u0117 + 10 kWh energijos kaupiklis, Solis, Trina ir Dyness"},"content":{"rendered":"<h2>Hibridinis Solis S6-EH3P10K-H-EU, 10 kW RHI inverterio apra\u0161ymas:<\/h2>\n<ul>\n<li>Efektyvumas 97,5 %.<\/li>\n<li>Tipas \u2013 trifazis inverteris.<\/li>\n<li>Galia \u2013 10 kW.<\/li>\n<li>Integruota apsauga nuo vir\u0161\u012ftampi\u0173.<\/li>\n<li>Nuotolinio steb\u0117jimo galimyb\u0117.<\/li>\n<li>10 met\u0173 garantija.<\/li>\n<li>I\u0161matavimai 600*500*230 mm.<\/li>\n<li>Svoris 30,2 kg.<\/li>\n<li>IP66 vertinimas.<\/li>\n<li>Rekomenduojama max., PV galia \u2013 20,000 Wp.<\/li>\n<\/ul>\n<p><strong>TECHNINIAI DUOMENYS ATSISIUNTIMUI:<\/strong><\/p>\n<p><strong>\u27a1\ufe0f<a href=\"https:\/\/solaroutlet.lt\/wp-content\/uploads\/2025\/03\/Solis_datasheet_S6-EH3P3-10K-H-EU_Global_V34_202411.pdf\">Technin\u0117s specifikacijos dokumentai.<\/a><\/strong><\/p>\n<h2 class=\"product_title entry-title show-product-nav\"><strong>TrinaSolar VERTEX S+ 465W NEG9R.28, N-Type Stiklas\/Stiklas moduli\u0173 apra\u0161ymas:<\/strong><\/h2>\n<p>D\u0117l pa\u017eangios Vertex technologijos, atnaujintas Vertex S modulis siekia 465W i\u0161\u0117jimo gali\u0105, o modulio efektyvumas yra 23,3%.<\/p>\n<p>Modulis suprojektuotas taip, kad atitikt\u0173 galios, efektyvumo, dyd\u017eio, svorio, i\u0161vaizdos, mechanin\u0117s apkrovos ir patikimumo reikalavimus. Jis pasiekia geriausi\u0105 galios, dyd\u017eio ir svorio balans\u0105.<\/p>\n<ul>\n<li>Moduliai Stiklas\/Stiklas<\/li>\n<li>Saul\u0117s modulio efektyvumas 23,3%<\/li>\n<li>25 met\u0173 produkto garantija.<\/li>\n<li>Suteikiama 30 met\u0173 efektyvumo garantija, kuri garantuoja, kad po 30 met\u0173 modulis dirbs ne ma\u017eesniu kaip 87,4% efektyvumu.<\/li>\n<li>Modulio matmenys: 1762*1134*30 mm.<\/li>\n<li>Modulio svoris \u2013 21 kg.<\/li>\n<\/ul>\n<p>&nbsp;<\/p>\n<p><strong>TECHNINIAI DUOMENYS ATSISIUNTIMUI:<\/strong><\/p>\n<p><strong>\u27a1\ufe0f<a href=\"https:\/\/solaroutlet.lt\/wp-content\/uploads\/2024\/03\/dt-m-0084-g-en-f-datasheet-vertex-s-neg9r-25-2025-c-20251227.pdf\" target=\"_blank\" rel=\"noopener\">Techniniai duomenys \u010dia<\/a>;<\/strong><\/p>\n<h2><strong>Goomax tvirtinimo konstrukcija:<\/strong><\/h2>\n<ul>\n<li>Aliuminiai b\u0117geliai 6m.<\/li>\n<li>Smeig\u0117s (nuo stogo dangos priklausomai M10x180mm ar M10x200mm)<\/li>\n<li>B\u0117gelio laikikliai prie smeig\u0117s.<\/li>\n<li>Aliuminio b\u0117gelio dangteliai, juodas.<\/li>\n<li>Galiniai modulio laikikliai.<\/li>\n<li>Vidurinis modulio laikikliai.<\/li>\n<\/ul>\n<p>&nbsp;<\/p>\n<div class=\"m-b-xl wpb_custom_a328554866cc55615e356a5b5c183a1d\">\n<div id=\"product-tab\" class=\"woocommerce-tabs woocommerce-tabs-u284rfun resp-htabs\">\n<div class=\"resp-tabs-container\">\n<div id=\"tab-description\" class=\"tab-content resp-tab-content resp-tab-content-active\" aria-labelledby=\"tab_item-0\">\n<h2><strong>Dyness Tower T10 \u2013 10,66 kWh akumuliatoriaus komplekto apra\u0161ymas:<\/strong><\/h2>\n<ul>\n<li>Akumuliatoriaus tipas:\u00a0LiFePO4<\/li>\n<li>Naudinga talpa:\u00a010,66 kWh<\/li>\n<li>Nominali \u012ftampa:\u00a0288 V<\/li>\n<li>Nominali talpa:\u00a037 Ah<\/li>\n<li>Akumuliatori\u0173 moduli\u0173 skai\u010dius:\u00a03<\/li>\n<li>Darbin\u0117s \u012ftampos diapazonas:\u00a0252\u2013328 V<\/li>\n<li>Maksimali \u012fkrovos galia:\u00a06,39 kW<\/li>\n<li>I\u0161krovos gylis (DoD):\u00a095%<\/li>\n<li>\u012ekrovimo temperat\u016bra:\u00a00\u201350\u00b0C<\/li>\n<li>I\u0161krovimo temperat\u016bra:\u00a0-10\u201350\u00b0C<\/li>\n<li>Matmenys :\u00a0504 x 380 x 900 mm<\/li>\n<li>Svoris:\u00a0146 kg<\/li>\n<li>Apsaugos lygis:\u00a0IP54<\/li>\n<li>Ry\u0161io s\u0105sajos:\u00a0CAN, RS485, RS232<\/li>\n<li>Tarnavimo laikas:\u00a0\u22656000 cikl\u0173<\/li>\n<li>Apsaugos funkcijos:\u00a0nuo perkrovos, per didel\u0117s i\u0161krovos, vir\u0161\u012ftampio, perkaitimo, trumpojo jungimo<\/li>\n<li>Modulio pavadinimas:\u00a0HV9637<\/li>\n<li>Sertifikatai:\u00a0UN38.3, CE-EMC, IEC62040, IEC62619, IEC62477, IEC60730, IEC63056, UKCA, CEC Accredited, UL1973, VDE2510-50<\/li>\n<\/ul>\n<p><strong>TECHNINIAI DUOMENYS ATSISIUNTIMUI:<\/strong><\/p>\n<p><strong>\u27a1\ufe0f<a href=\"https:\/\/www.solman.lt\/wp-content\/uploads\/2024\/06\/Dyness-Tower-1.5G-datasheet-LT.pdf\">Techniniai duomenys atsisiuntimui<\/a><\/strong><\/p>\n<\/div>\n<\/div>\n<\/div>\n<\/div>\n","protected":false},"excerpt":{"rendered":"<p><strong>5.46 kW saul\u0117s elektrin\u0117s \u012frangos komplektas \u012f kur\u012f \u012feina:<\/strong><\/p>\n<ul>\n<li>1 vnt.\u00a0Solis S6-EH3P10K-H-EU, 10 kW RHI hibridinis inverteris.<\/li>\n<li>12 vnt. TrinaSolar VERTEX S+ NEG9R.28 465 W, N-Type Stiklas\/Stiklas.<\/li>\n<li>1 vnt. Banguot\u0173 lak\u0161t\u0173 ir \u0161iferio stogui skirta tvirtinimo konstrukcija, 10 met\u0173 garantija (komplektas 12 vnt. moduli\u0173).<\/li>\n<\/ul>\n<p><strong style=\"color: #252526;\">10.66 kWh elektros energijos kaupiklio komplektas \u012f kur\u012f \u012feina:<\/strong><\/p>\n<ul>\n<li>Dyness Tower baterijos valdiklis BDU \u2013 1 vnt.<\/li>\n<li>Dyness Tower baterijos modulis 3.55 kWh \u2013 3 vnt.<\/li>\n<li style=\"list-style-type: none;\"><\/li>\n<\/ul>\n<p>&nbsp;<\/p>\n<div class=\"description woocommerce-product-details__short-description\">\n<div class=\"description woocommerce-product-details__short-description\">\n<p><a href=\"https:\/\/solaroutlet.lt\/apva-parama-saules-elektrinems-2025-m-fiziniams-asmenims\/\"><img decoding=\"async\" class=\"alignleft wp-image-8271\" src=\"http:\/\/solaroutlet.lt\/wp-content\/uploads\/2025\/02\/Lietuvos-energetikos-agentura-finansavimas-300x155.png\" alt=\"\" width=\"207\" height=\"107\" \/><\/a><\/p>\n<\/div>\n<\/div>\n<div class=\"wpb_custom_0ee23895009ca265b2bcfc2b33fb9222\"><\/div>\n<p><!--more--><\/p>\n<p><a href=\"https:\/\/solaroutlet.lt\/nerandate-tinkamo-komplekto-susisiekime\/\"><img decoding=\"async\" class=\"alignnone wp-image-8553\" src=\"http:\/\/solaroutlet.lt\/wp-content\/uploads\/2025\/03\/Nerandate-tinkamo-komplekto-3-300x155.png\" alt=\"\" width=\"211\" height=\"109\" \/><\/a><\/p>\n","protected":false},"featured_media":9506,"comment_status":"open","ping_status":"closed","template":"","meta":{"_acf_changed":false,"om_disable_all_campaigns":false,"_uf_show_specific_survey":0,"_uf_disable_surveys":false},"pwb-brand":[285,204,248],"gamintojas":[286,165,94],"product_brand":[],"product_cat":[287,291],"product_tag":[],"class_list":{"0":"post-9505","1":"product","2":"type-product","3":"status-publish","4":"has-post-thumbnail","6":"pwb-brand-dyness","7":"pwb-brand-solis","8":"pwb-brand-trinasolar","9":"gamintojas-dyness","10":"gamintojas-solis","11":"gamintojas-trinasolar","12":"product_cat-saules-elektriniu-komplektai","13":"product_cat-saules-elektriniu-komplektai-ramus","14":"product_shipping_class-h-pristatymo-klase","16":"first","17":"outofstock","18":"sale","19":"taxable","20":"shipping-taxable","21":"purchasable","22":"product-type-simple"},"acf":[],"aioseo_notices":[],"brands":[{"id":285,"name":"Dyness","slug":"dyness"},{"id":204,"name":"Solis","slug":"solis"},{"id":248,"name":"TrinaSolar","slug":"trinasolar"}],"_links":{"self":[{"href":"https:\/\/solaroutlet.lt\/en\/wp-json\/wp\/v2\/product\/9505","targetHints":{"allow":["GET"]}}],"collection":[{"href":"https:\/\/solaroutlet.lt\/en\/wp-json\/wp\/v2\/product"}],"about":[{"href":"https:\/\/solaroutlet.lt\/en\/wp-json\/wp\/v2\/types\/product"}],"replies":[{"embeddable":true,"href":"https:\/\/solaroutlet.lt\/en\/wp-json\/wp\/v2\/comments?post=9505"}],"wp:featuredmedia":[{"embeddable":true,"href":"https:\/\/solaroutlet.lt\/en\/wp-json\/wp\/v2\/media\/9506"}],"wp:attachment":[{"href":"https:\/\/solaroutlet.lt\/en\/wp-json\/wp\/v2\/media?parent=9505"}],"wp:term":[{"taxonomy":"pwb-brand","embeddable":true,"href":"https:\/\/solaroutlet.lt\/en\/wp-json\/wp\/v2\/pwb-brand?post=9505"},{"taxonomy":"gamintojas","embeddable":true,"href":"https:\/\/solaroutlet.lt\/en\/wp-json\/wp\/v2\/gamintojas?post=9505"},{"taxonomy":"product_brand","embeddable":true,"href":"https:\/\/solaroutlet.lt\/en\/wp-json\/wp\/v2\/product_brand?post=9505"},{"taxonomy":"product_cat","embeddable":true,"href":"https:\/\/solaroutlet.lt\/en\/wp-json\/wp\/v2\/product_cat?post=9505"},{"taxonomy":"product_tag","embeddable":true,"href":"https:\/\/solaroutlet.lt\/en\/wp-json\/wp\/v2\/product_tag?post=9505"}],"curies":[{"name":"wp","href":"https:\/\/api.w.org\/{rel}","templated":true}]}}