{"id":9770,"date":"2025-10-15T08:37:40","date_gmt":"2025-10-15T05:37:40","guid":{"rendered":"https:\/\/solaroutlet.lt\/?post_type=product&#038;p=9770"},"modified":"2026-02-18T09:58:04","modified_gmt":"2026-02-18T06:58:04","slug":"inverteris-solaredge-se25k-rw00ibnm4-25-kw","status":"publish","type":"product","link":"https:\/\/solaroutlet.lt\/en\/produktas\/inverteris-solaredge-se25k-rw00ibnm4-25-kw\/","title":{"rendered":"Inverteris SolarEdge SE25K-RW00IBNM4, 25 kW"},"content":{"rendered":"<p><strong>SolarEdge 25 kW inverteris\u00a0<\/strong><\/p>\n<p>Tai <strong>trifazis<\/strong> 25 kW inverteris, sukurtas darbui su SolarEdge galios optimizatoriais, siekiant kuo geriau panaudoti kiekvieno saul\u0117s modulio potencial\u0105. Prietaisas <strong>pasi\u017eymi 98% efektyvumu<\/strong> \u2013 tai leid\u017eia efektyviai paversti saul\u0117s energij\u0105 \u012f naudojam\u0105 kintam\u0105j\u0105 srov\u0119 net ir didel\u0117se sistemose. Pritaikytas veiklai vidutinio ir didelio galingumo komercin\u0117ms ar pramonin\u0117ms saul\u0117s elektrin\u0117ms.<\/p>\n<p>Inverteris veikia i\u0161maniai ir saugiai:<\/p>\n<ul>\n<li>Integruota <strong>DC apsauga nuo vir\u0161\u012ftampi\u0173<\/strong> (Type 2) \u2013 tai veikia kaip papildoma apsauga nuo \u017eaibo i\u0161krov\u0173 ir \u012ftampos \u0161uoli\u0173.<\/li>\n<li><strong>\u201eArc fault protection\u201c<\/strong> \u2013 integruota apsauga nuo elektros lank\u0173 , skirta suma\u017einti gaisro rizik\u0105.<\/li>\n<li><strong>\u201eSafeDC\u201c<\/strong> technologija \u2013 skirta automati\u0161kai suma\u017einti \u012ftamp\u0105 iki saugaus lygio, kai inverteris yra i\u0161jungiamas arba atjungiamas nuo tinklo.<\/li>\n<li><strong>\u201eGround fault detection\u201c<\/strong> \u2013 tai nuot\u0117kio \u012f \u017eem\u0119 aptikimas, kuris apsaugo, kad srov\u0117 i\u0161 elektros grandin\u0117s neb\u0117gt\u0173 \u012f \u017eem\u0119.<\/li>\n<li>Apsauga nuo atvirk\u0161tinio poli\u0161kumo.<\/li>\n<\/ul>\n<p>\u012erenginio paleidimas ir konfig\u016bracija vykdoma naudojant<strong> \u201eSetApp\u201c<\/strong> program\u0117l\u0119 per kuri\u0105 prietaiso aktyvavimas yra greitas ir be joki\u0173 papildom\u0173 laid\u0173 ar ekran\u0173. Inverteris taip pat turi integruotas komunikacijos jungtis, kurios leid\u017eia inverter\u012f prijungti prie <strong>\u201eSolarEdge monitoring platform\u201c<\/strong>, per kuri\u0105 yra galimyb\u0117 nuotoliniu b\u016bdu steb\u0117ti sistemos veikl\u0105.<\/p>\n<p>Prietaisas taip pat yra kompakti\u0161kas bei atsparus aplinkai:<\/p>\n<ul>\n<li>Integruota <strong>IP65<\/strong> apsaugos klas\u0117, tod\u0117l prietaisas tinka veiklai tiek lauke, tiek viduje.<\/li>\n<li>Patvarus metalinis korpusas padaro inverter\u012f atspariu dulk\u0117ms, dr\u0117gmei, ir UV spinduliams.<\/li>\n<li>Triuk\u0161mo lygis <strong>ma\u017eesnis nei 65 dBA,<\/strong> tad tinka naudoti net netoli gyvenam\u0173j\u0173 pastat\u0173.<\/li>\n<li>Prietaiso konstrukcija garantuoja optimal\u0173 \u0161ilumos i\u0161sklaidym\u0105, d\u0117l \u012fmontuoto au\u0161inimo ventiliatoriumi.<\/li>\n<\/ul>\n<p>Technin\u0117s specifikacijos:<\/p>\n<ul>\n<li>Nominali galia: 25 000 W<\/li>\n<li>Maksimalus efektyvumas: 98%<\/li>\n<li>Apsauga nuo vir\u0161\u012ftampi\u0173 (AC\/DC): SPD Type 2<\/li>\n<li>Apsaugos klas\u0117: IP65<\/li>\n<li>Matmenys: 549 x 317 x 273 mm<\/li>\n<li>Svoris: 36,5 kg<\/li>\n<li>Darbin\u0117 temperat\u016bra: nuo -40\u00b0C iki +60\u00b0C<\/li>\n<\/ul>\n<p><strong>TECHNINIAI DUOMENYS ATSISIUNTIMUI:<\/strong><\/p>\n<p>\u27a1\ufe0f<a href=\"https:\/\/solaroutlet.lt\/wp-content\/uploads\/2025\/10\/SolarEdge-SE40K-RW00IBNM4-datasheet.pdf\">Technini\u0173 specifikacij\u0173 dokumentas.<\/a><\/p>\n","protected":false},"excerpt":{"rendered":"<p>Tai trifazis, 25 kW inverteris, u\u017etikrinantis auk\u0161t\u0105 efektyvum\u0105, i\u0161man\u0173 valdym\u0105, ir kiekvieno modulio veiklos steb\u0117jim\u0105 nuotoliniu b\u016bdu. Prietaisas yra patikimas, tylus, ir nereikalaujantis daug prie\u017ei\u016bros, specialiai sukurtas komercin\u0117ms ir pramonin\u0117ms saul\u0117s elektrin\u0117ms.<\/p>\n<p>Pagrindiniai privalumai:<\/p>\n<ul>\n<li>Didel\u0117 DC galia: iki 33,8 kW.<\/li>\n<li>Efektyvumas iki 98%<\/li>\n<li>\u201eArc fault protection\u201c ir \u201eSafeDC\u201c \u2013 tai auk\u0161\u010diausias saugumo lygis.<\/li>\n<li>IP65 atsparumas dr\u0117gmei ir dulk\u0117ms.<\/li>\n<li>Kompakti\u0161kas ir patogus montavimui.<\/li>\n<li>SetApp konfig\u016bracija per program\u0117l\u0119 ir moduli\u0173 veiklos steb\u0117jimas per SolarEdge platform\u0105.<\/li>\n<\/ul>\n","protected":false},"featured_media":9862,"comment_status":"open","ping_status":"closed","template":"","meta":{"_acf_changed":false,"om_disable_all_campaigns":false,"_uf_show_specific_survey":0,"_uf_disable_surveys":false},"pwb-brand":[205],"gamintojas":[136],"product_brand":[],"product_cat":[97],"product_tag":[],"class_list":{"0":"post-9770","1":"product","2":"type-product","3":"status-publish","4":"has-post-thumbnail","6":"pwb-brand-solaredge","7":"gamintojas-solaredge","8":"product_cat-sroves-keitikliai-inverters","9":"product_shipping_class-b-pristatymo-klase","10":"pa_galia-25-kw","11":"pa_tipas-tinklo-inverteriai","13":"first","14":"instock","15":"taxable","16":"shipping-taxable","17":"purchasable","18":"product-type-simple"},"acf":[],"aioseo_notices":[],"brands":[{"id":205,"name":"SolarEdge","slug":"solaredge"}],"_links":{"self":[{"href":"https:\/\/solaroutlet.lt\/en\/wp-json\/wp\/v2\/product\/9770","targetHints":{"allow":["GET"]}}],"collection":[{"href":"https:\/\/solaroutlet.lt\/en\/wp-json\/wp\/v2\/product"}],"about":[{"href":"https:\/\/solaroutlet.lt\/en\/wp-json\/wp\/v2\/types\/product"}],"replies":[{"embeddable":true,"href":"https:\/\/solaroutlet.lt\/en\/wp-json\/wp\/v2\/comments?post=9770"}],"wp:featuredmedia":[{"embeddable":true,"href":"https:\/\/solaroutlet.lt\/en\/wp-json\/wp\/v2\/media\/9862"}],"wp:attachment":[{"href":"https:\/\/solaroutlet.lt\/en\/wp-json\/wp\/v2\/media?parent=9770"}],"wp:term":[{"taxonomy":"pwb-brand","embeddable":true,"href":"https:\/\/solaroutlet.lt\/en\/wp-json\/wp\/v2\/pwb-brand?post=9770"},{"taxonomy":"gamintojas","embeddable":true,"href":"https:\/\/solaroutlet.lt\/en\/wp-json\/wp\/v2\/gamintojas?post=9770"},{"taxonomy":"product_brand","embeddable":true,"href":"https:\/\/solaroutlet.lt\/en\/wp-json\/wp\/v2\/product_brand?post=9770"},{"taxonomy":"product_cat","embeddable":true,"href":"https:\/\/solaroutlet.lt\/en\/wp-json\/wp\/v2\/product_cat?post=9770"},{"taxonomy":"product_tag","embeddable":true,"href":"https:\/\/solaroutlet.lt\/en\/wp-json\/wp\/v2\/product_tag?post=9770"}],"curies":[{"name":"wp","href":"https:\/\/api.w.org\/{rel}","templated":true}]}}