{"id":9780,"date":"2025-10-14T15:35:51","date_gmt":"2025-10-14T12:35:51","guid":{"rendered":"https:\/\/solaroutlet.lt\/?post_type=product&#038;p=9780"},"modified":"2025-10-14T16:33:35","modified_gmt":"2025-10-14T13:33:35","slug":"saules-moduliu-apsauga-nuo-kalkiu-vandens-minkstiklis-5-l","status":"publish","type":"product","link":"https:\/\/solaroutlet.lt\/en\/produktas\/saules-moduliu-apsauga-nuo-kalkiu-vandens-minkstiklis-5-l\/","title":{"rendered":"Saul\u0117s moduli\u0173 apsauga nuo kalki\u0173 \u2013 vandens mink\u0161tiklis 5 l."},"content":{"rendered":"<p>Kieto ir labai kieto vandens mink\u0161tiklis \u00a0\u2013 apsauga <strong>nuo balt\u0173 kalki\u0173 d\u0117mi\u0173<\/strong>.<\/p>\n<p>\u0160is vandens mink\u0161tiklis yra specialiai sukurtas sprendimas, skirtas pa\u0161alinti kalcio ir magnio jonus \u2013 taip apsaugant saul\u0117s paneles nuo d\u0117mi\u0173 po plovimo. Priemon\u0117 tai pat palaiko J\u016bs\u0173 saul\u0117s moduli\u0173 efektyvum\u0105, nes <strong>apsaugo nuo mineral\u0173 kaupimosi<\/strong>, tad moduliai gali veikti maksimaliu paj\u0117gumu.<\/p>\n<p>Priemon\u0117 naudinga jei plaunate modulius \u010diaupo ar \u0161ulinio vandeniu.<\/p>\n<p>Priemon\u0117s veikimo laikas yra <strong>apie 20 minu\u010di\u0173<\/strong> ir j\u0105 galima naudoti kartu su kitomis valymo priemon\u0117mis, siekiant maksimalaus veiksmingumo.<\/p>\n<p>Vandens valymo privalumai:<\/p>\n<ul>\n<li>Sutaupykite laiko ir pinig\u0173 \u2013 vandens valymas su \u0161ia priemone padeda suma\u017einti valymo i\u0161laidas ir laik\u0105.<\/li>\n<li>Pagerinkite energijos vartojimo efektyvum\u0105 \u2013 mineral\u0173 kaupimasis gali \u017eymiai suma\u017einti saul\u0117s baterij\u0173 energijos i\u0161eig\u0105.<\/li>\n<li>Prailgina moduli\u0173 tarnavimo laik\u0105 \u2013 reguliariai naudojant apsaug\u0105 nuo kalki\u0173, apsaugosite saul\u0117s modulius nuo mineral\u0173 kaupimosi sukeltos \u017ealos ir taip prailginsite j\u0173 tarnavimo laik\u0105.<\/li>\n<\/ul>\n<p><u>Kaip naudoti?<\/u><\/p>\n<ul>\n<li>\u012epilkite apie 2-3 ml \u012f 10 litr\u0173 vandens (vidutinio kietumo vandeniui \u2013 300 ml mink\u0161tiklio \u012f 1000 litr\u0173 vandens).<\/li>\n<li>Palaukite 20 minu\u010di\u0173.<\/li>\n<li>\u012e \u0161\u012f vanden\u012f galite pilti kitus valymo produktus.<\/li>\n<\/ul>\n<p><em>Patarimas: jei po plovimo lieka balt\u0173 d\u0117mi\u0173 \u2013 padvigubinkite priemon\u0117s kiek\u012f.<\/em><\/p>\n","protected":false},"excerpt":{"rendered":"<ul>\n<li>Sutaupykite laiko ir pinig\u0173 \u2013 vandens valymas su \u0161ia priemone padeda suma\u017einti valymo i\u0161laidas ir laik\u0105.<\/li>\n<li>Pagerinkite energijos vartojimo efektyvum\u0105 \u2013 mineral\u0173 kaupimasis gali \u017eymiai suma\u017einti saul\u0117s baterij\u0173 energijos i\u0161eig\u0105.<\/li>\n<li>Prailgina moduli\u0173 tarnavimo laik\u0105 \u2013 reguliariai naudojant apsaug\u0105 nuo kalki\u0173, apsaugosite saul\u0117s modulius nuo mineral\u0173 kaupimosi sukeltos \u017ealos ir taip prailginsite j\u0173 tarnavimo laik\u0105.<\/li>\n<\/ul>\n<p>Pristatymas iki 10 k.d.<\/p>\n","protected":false},"featured_media":9789,"comment_status":"open","ping_status":"closed","template":"","meta":{"_acf_changed":false,"om_disable_all_campaigns":false,"_uf_show_specific_survey":0,"_uf_disable_surveys":false},"pwb-brand":[],"gamintojas":[],"product_brand":[],"product_cat":[359],"product_tag":[],"class_list":{"0":"post-9780","1":"product","2":"type-product","3":"status-publish","4":"has-post-thumbnail","6":"product_cat-saules-elektriniu-valymo-priemones","7":"product_shipping_class-b-pristatymo-klase","9":"first","10":"onbackorder","11":"taxable","12":"shipping-taxable","13":"purchasable","14":"product-type-simple"},"acf":[],"aioseo_notices":[],"brands":[],"_links":{"self":[{"href":"https:\/\/solaroutlet.lt\/en\/wp-json\/wp\/v2\/product\/9780","targetHints":{"allow":["GET"]}}],"collection":[{"href":"https:\/\/solaroutlet.lt\/en\/wp-json\/wp\/v2\/product"}],"about":[{"href":"https:\/\/solaroutlet.lt\/en\/wp-json\/wp\/v2\/types\/product"}],"replies":[{"embeddable":true,"href":"https:\/\/solaroutlet.lt\/en\/wp-json\/wp\/v2\/comments?post=9780"}],"wp:featuredmedia":[{"embeddable":true,"href":"https:\/\/solaroutlet.lt\/en\/wp-json\/wp\/v2\/media\/9789"}],"wp:attachment":[{"href":"https:\/\/solaroutlet.lt\/en\/wp-json\/wp\/v2\/media?parent=9780"}],"wp:term":[{"taxonomy":"pwb-brand","embeddable":true,"href":"https:\/\/solaroutlet.lt\/en\/wp-json\/wp\/v2\/pwb-brand?post=9780"},{"taxonomy":"gamintojas","embeddable":true,"href":"https:\/\/solaroutlet.lt\/en\/wp-json\/wp\/v2\/gamintojas?post=9780"},{"taxonomy":"product_brand","embeddable":true,"href":"https:\/\/solaroutlet.lt\/en\/wp-json\/wp\/v2\/product_brand?post=9780"},{"taxonomy":"product_cat","embeddable":true,"href":"https:\/\/solaroutlet.lt\/en\/wp-json\/wp\/v2\/product_cat?post=9780"},{"taxonomy":"product_tag","embeddable":true,"href":"https:\/\/solaroutlet.lt\/en\/wp-json\/wp\/v2\/product_tag?post=9780"}],"curies":[{"name":"wp","href":"https:\/\/api.w.org\/{rel}","templated":true}]}}