{"id":9781,"date":"2025-10-14T15:36:38","date_gmt":"2025-10-14T12:36:38","guid":{"rendered":"https:\/\/solaroutlet.lt\/?post_type=product&#038;p=9781"},"modified":"2025-10-15T08:18:22","modified_gmt":"2025-10-15T05:18:22","slug":"cemento-salinimo-priemone-cement-removal-agent-cra-5-kg","status":"publish","type":"product","link":"https:\/\/solaroutlet.lt\/en\/produktas\/cemento-salinimo-priemone-cement-removal-agent-cra-5-kg\/","title":{"rendered":"Cemento \u0161alinimo priemon\u0117 \u2013 Cement removal agent (CRA) 5 kg."},"content":{"rendered":"<p><strong>Valiklis pa\u0161alina cemento, gipso, ir statybini\u0173 dulki\u0173 liku\u010dius.<\/strong><\/p>\n<p>Specialus valiklis po statyb\u0173 ar remonto. Neapdorotas cemento kaupimasis gali smarkiai suma\u017einti saul\u0117s baterij\u0173 efektyvum\u0105 bei gali paveikti j\u0173 tarnavimo laik\u0105. Cemento dulk\u0117s labai greitai d\u017ei\u016bsta ant moduli\u0173 pavir\u0161iaus, o naudojant stiprias chemines med\u017eiagas, grandiklius, ar auk\u0161to sl\u0117gio ma\u0161inas, galima greitai pa\u017eeisti saul\u0117s modulius ir panaikinti j\u0173 garantij\u0105. \u0160is valiklis <strong>u\u017etikrina saug\u0173 \u0161armini\u0173 ter\u0161al\u0173 \u0161alinim\u0105<\/strong> nuo saul\u0117s moduli\u0173 stiklo.<\/p>\n<p>Cemento \u0161alinimo valiklis yra <strong>galingas ir efektyvus sprendimas<\/strong>, padedantis nuvalyti saul\u0117s modulius bei atkurti j\u0173 veikim\u0105. Po \u0161io valiklio naudojimo, tur\u0117tum\u0117te imtis ir prevencini\u0173 veiksm\u0173 bei apsaugoti saul\u0117s modulius naudodami speciali\u0105 apsaugin\u0119 dang\u0105, kuri u\u017etikrins moduli\u0173 \u0161var\u0105 ilgesniam laikui.<\/p>\n<p>\u0160i naujovi\u0161ka valymo priemon\u0117 naudoja unikal\u0173 r\u016bg\u0161\u010di\u0173 ir pavir\u0161iaus aktyvi\u0173 med\u017eiag\u0173 mi\u0161in\u012f tam, kad i\u0161tirpdyt\u0173 ir suskaidyt\u0173 cement\u0105 bei kitus tar\u0161alus. Priemon\u0117s<strong> galinga formul\u0117<\/strong> geba prasiskverbti giliai \u012f cement\u0105, kad j\u012f sumink\u0161tint\u0173 bei atlaisvint\u0173, tad lengviau j\u012f pa\u0161alinti.<\/p>\n<p>Privalumai:<\/p>\n<ul>\n<li>Valiklis efektyviai pa\u0161alina cemento dulkes, akmens dulkes, gips\u0105, ir kitus \u0161arminius ter\u0161alus nuo saul\u0117s moduli\u0173.<\/li>\n<li>Saugi formul\u0117, kuri nepa\u017eeis saul\u0117s moduli\u0173 pavir\u0161iaus.<\/li>\n<li>Padeda atkurti saul\u0117s moduli\u0173 na\u0161um\u0105 ir efektyvum\u0105.<\/li>\n<li>Paprasta prie\u017ei\u016bra ir valymas.<\/li>\n<\/ul>\n<p>Kaip naudoti?<\/p>\n<ul>\n<li>Sumai\u0161ykite 100 ml priemon\u0117s su 100 ml vandens (santykis 1:1)<\/li>\n<li>U\u017epurk\u0161kite ant saus\u0173 paneli\u0173.<\/li>\n<li>Palikite veikti apie 5-10 min.<\/li>\n<li>\u0160velniai patrinkite ir nuplaukite vandeniu.<\/li>\n<\/ul>\n","protected":false},"excerpt":{"rendered":"<ul>\n<li>Valiklis efektyviai pa\u0161alina cemento dulkes, akmens dulkes, gips\u0105, ir kitus \u0161arminius ter\u0161alus nuo saul\u0117s moduli\u0173.<\/li>\n<li>Saugi formul\u0117, kuri nepa\u017eeis saul\u0117s moduli\u0173 pavir\u0161iaus.<\/li>\n<li>Padeda atkurti saul\u0117s moduli\u0173 na\u0161um\u0105 ir efektyvum\u0105.<\/li>\n<li>Paprasta prie\u017ei\u016bra ir valymas.<\/li>\n<\/ul>\n<p>Pristatymas iki 10 k.d.<\/p>\n","protected":false},"featured_media":9791,"comment_status":"open","ping_status":"closed","template":"","meta":{"_acf_changed":false,"om_disable_all_campaigns":false,"_uf_show_specific_survey":0,"_uf_disable_surveys":false},"pwb-brand":[],"gamintojas":[],"product_brand":[],"product_cat":[359],"product_tag":[],"class_list":{"0":"post-9781","1":"product","2":"type-product","3":"status-publish","4":"has-post-thumbnail","6":"product_cat-saules-elektriniu-valymo-priemones","7":"product_shipping_class-b-pristatymo-klase","9":"first","10":"onbackorder","11":"taxable","12":"shipping-taxable","13":"purchasable","14":"product-type-simple"},"acf":[],"aioseo_notices":[],"brands":[],"_links":{"self":[{"href":"https:\/\/solaroutlet.lt\/en\/wp-json\/wp\/v2\/product\/9781","targetHints":{"allow":["GET"]}}],"collection":[{"href":"https:\/\/solaroutlet.lt\/en\/wp-json\/wp\/v2\/product"}],"about":[{"href":"https:\/\/solaroutlet.lt\/en\/wp-json\/wp\/v2\/types\/product"}],"replies":[{"embeddable":true,"href":"https:\/\/solaroutlet.lt\/en\/wp-json\/wp\/v2\/comments?post=9781"}],"wp:featuredmedia":[{"embeddable":true,"href":"https:\/\/solaroutlet.lt\/en\/wp-json\/wp\/v2\/media\/9791"}],"wp:attachment":[{"href":"https:\/\/solaroutlet.lt\/en\/wp-json\/wp\/v2\/media?parent=9781"}],"wp:term":[{"taxonomy":"pwb-brand","embeddable":true,"href":"https:\/\/solaroutlet.lt\/en\/wp-json\/wp\/v2\/pwb-brand?post=9781"},{"taxonomy":"gamintojas","embeddable":true,"href":"https:\/\/solaroutlet.lt\/en\/wp-json\/wp\/v2\/gamintojas?post=9781"},{"taxonomy":"product_brand","embeddable":true,"href":"https:\/\/solaroutlet.lt\/en\/wp-json\/wp\/v2\/product_brand?post=9781"},{"taxonomy":"product_cat","embeddable":true,"href":"https:\/\/solaroutlet.lt\/en\/wp-json\/wp\/v2\/product_cat?post=9781"},{"taxonomy":"product_tag","embeddable":true,"href":"https:\/\/solaroutlet.lt\/en\/wp-json\/wp\/v2\/product_tag?post=9781"}],"curies":[{"name":"wp","href":"https:\/\/api.w.org\/{rel}","templated":true}]}}