{"id":9783,"date":"2025-10-14T15:37:28","date_gmt":"2025-10-14T12:37:28","guid":{"rendered":"https:\/\/solaroutlet.lt\/?post_type=product&#038;p=9783"},"modified":"2025-10-15T15:51:29","modified_gmt":"2025-10-15T12:51:29","slug":"dazu-salinimo-priemone-tirpiklis-paint-removal-agent-pra-5-kg","status":"publish","type":"product","link":"https:\/\/solaroutlet.lt\/en\/produktas\/dazu-salinimo-priemone-tirpiklis-paint-removal-agent-pra-5-kg\/","title":{"rendered":"Da\u017e\u0173 \u0161alinimo priemon\u0117, tirpiklis \u2013 Paint removal agent (PRA) 5 kg."},"content":{"rendered":"<p><strong>Tirpiklis saugiai pa\u0161alina da\u017e\u0173 ir aerozoli\u0173 d\u0117mes.<\/strong><\/p>\n<p>Saul\u0117s elektrin\u0117s gali b\u016bti veikiamos \u012fvairiausi\u0173 ter\u0161al\u0173, toki\u0173 kaip da\u017e\u0173 d\u0117m\u0117s, o tai turi nema\u017eai \u012ftakos moduli\u0173 efektyvumui. \u0160is da\u017e\u0173 tirpiklis yra sukurtas specialiai \u0161iai problemai spr\u0119sti.<\/p>\n<p>\u0160is tirpiklis skirtas<strong> \u012fvairi\u0173 tip\u0173 da\u017eams<\/strong> (pvz., vidaus da\u017eams, i\u0161or\u0117s dangoms, vandens pagrindo pur\u0161kiamiems da\u017eams) \u0161alinti.<\/p>\n<p>\u0160ios priemon\u0117s formul\u0117 sukurta taip, kad b\u016bt\u0173<strong> \u0161velni ir saugi saul\u0117s baterijoms<\/strong>, tad j\u0105 lengva naudoti nekeliant pavojaus saul\u0117s moduliams bei valan\u010diojo sveikatai. Tirpiklis taip pat yra i\u0161samiai i\u0161bandytas tarptautin\u0117je laboratorijoje ir yra <strong>saugus naudoti<\/strong> vis\u0173 tip\u0173 saul\u0117s elektrin\u0117ms. U\u017etikriname, kad skystis nepa\u017eeis moduli\u0173 pavir\u0161iaus ir netur\u0117s neigiamos \u012ftakos j\u0173 veikimui.<\/p>\n<p>\u0160is sprendimas yra i\u0161bandytas tarptautin\u0117je laboratorijoje ir turi patvirtinim\u0105, kad yra saugus naudoti saul\u0117s moduli\u0173 valymui. Tirpiklis nepa\u017eeis pavir\u0161iaus ir netur\u0117s jokios neigiamos \u012ftakos moduli\u0173 veiklai, tad galite pasitik\u0117ti, kad priemon\u0117 veiks efektyviai ir da\u017e\u0173 d\u0117m\u0117s bus pa\u0161alintos be jokio \u0161alutinio poveikio.<\/p>\n<p><u>Kaip naudoti?<\/u><\/p>\n<ul>\n<li>Rekomenduojama tirpikli\u0173 pagrind\u0173 pagamintiems da\u017eams gamin\u012f skiesi 1:2 (1 dalis priemon\u0117s, 2 dalyse vandens), o vandens pagrindo da\u017eams \u2013 1:5.<\/li>\n<li>U\u017epurk\u0161kite ant pa\u017eeistos vietos ir palikite 10-15 min.<\/li>\n<li>Patrinkite kempine ar mink\u0161tu \u0161epe\u010diu ir nuplaukite vandeniu.<\/li>\n<\/ul>\n<p><em>Svarbu: produktas veikia efektyviausiai, kai naudojamas ant saus\u0173 saul\u0117s moduli\u0173! Taip pat, kuo senesni da\u017eai, tuo sunkiau juo nuvalyti, tad tirpikl\u012f gali prireikti naudoti kelis kartus.<\/em><\/p>\n","protected":false},"excerpt":{"rendered":"<p>Saul\u0117s elektrin\u0117s gali b\u016bti veikiamo \u012fvairiausi\u0173 ter\u0161al\u0173, toki\u0173 kaip da\u017e\u0173 d\u0117m\u0117s, o tai turi nema\u017eai \u012ftakos moduli\u0173 efektyvumui. \u0160is da\u017e\u0173 tirpiklis yra sukurtas specialiai \u0161iai problemai spr\u0119sti.<\/p>\n<p>\u0160is tirpiklis skirtas \u012fvairi\u0173 tip\u0173 da\u017eams (pvz., vidaus da\u017eams, i\u0161or\u0117s dangoms, vandens pagrindo pur\u0161kiamiems da\u017eams) \u0161alinti.<\/p>\n<p>Pristatymas iki 10 k.d.<\/p>\n","protected":false},"featured_media":9793,"comment_status":"open","ping_status":"closed","template":"","meta":{"_acf_changed":false,"om_disable_all_campaigns":false,"_uf_show_specific_survey":0,"_uf_disable_surveys":false},"pwb-brand":[],"gamintojas":[],"product_brand":[],"product_cat":[359],"product_tag":[],"class_list":{"0":"post-9783","1":"product","2":"type-product","3":"status-publish","4":"has-post-thumbnail","6":"product_cat-saules-elektriniu-valymo-priemones","7":"product_shipping_class-b-pristatymo-klase","9":"first","10":"onbackorder","11":"taxable","12":"shipping-taxable","13":"purchasable","14":"product-type-simple"},"acf":[],"aioseo_notices":[],"brands":[],"_links":{"self":[{"href":"https:\/\/solaroutlet.lt\/en\/wp-json\/wp\/v2\/product\/9783","targetHints":{"allow":["GET"]}}],"collection":[{"href":"https:\/\/solaroutlet.lt\/en\/wp-json\/wp\/v2\/product"}],"about":[{"href":"https:\/\/solaroutlet.lt\/en\/wp-json\/wp\/v2\/types\/product"}],"replies":[{"embeddable":true,"href":"https:\/\/solaroutlet.lt\/en\/wp-json\/wp\/v2\/comments?post=9783"}],"wp:featuredmedia":[{"embeddable":true,"href":"https:\/\/solaroutlet.lt\/en\/wp-json\/wp\/v2\/media\/9793"}],"wp:attachment":[{"href":"https:\/\/solaroutlet.lt\/en\/wp-json\/wp\/v2\/media?parent=9783"}],"wp:term":[{"taxonomy":"pwb-brand","embeddable":true,"href":"https:\/\/solaroutlet.lt\/en\/wp-json\/wp\/v2\/pwb-brand?post=9783"},{"taxonomy":"gamintojas","embeddable":true,"href":"https:\/\/solaroutlet.lt\/en\/wp-json\/wp\/v2\/gamintojas?post=9783"},{"taxonomy":"product_brand","embeddable":true,"href":"https:\/\/solaroutlet.lt\/en\/wp-json\/wp\/v2\/product_brand?post=9783"},{"taxonomy":"product_cat","embeddable":true,"href":"https:\/\/solaroutlet.lt\/en\/wp-json\/wp\/v2\/product_cat?post=9783"},{"taxonomy":"product_tag","embeddable":true,"href":"https:\/\/solaroutlet.lt\/en\/wp-json\/wp\/v2\/product_tag?post=9783"}],"curies":[{"name":"wp","href":"https:\/\/api.w.org\/{rel}","templated":true}]}}