{"id":9784,"date":"2025-10-14T15:38:31","date_gmt":"2025-10-14T12:38:31","guid":{"rendered":"https:\/\/solaroutlet.lt\/?post_type=product&#038;p=9784"},"modified":"2025-10-15T08:19:06","modified_gmt":"2025-10-15T05:19:06","slug":"metalo-oksidu-salinimo-priemone-valiklis-5-kg","status":"publish","type":"product","link":"https:\/\/solaroutlet.lt\/en\/produktas\/metalo-oksidu-salinimo-priemone-valiklis-5-kg\/","title":{"rendered":"Metalo oksid\u0173 \u0161alinimo priemon\u0117, valiklis 5 kg."},"content":{"rendered":"<p>\u0160is valiklis i\u0161siskiria kaip specializuotas sprendimas, pritaikytas metalo oksid\u0173 \u0161alinimui, esan\u010diam \u00a0saul\u0117s moduliuose. Valiklis pagamintas kaip ekologi\u0161kas ir biologi\u0161kai skaidus produktas, kur\u012f lengva naudoti ir jis nekelia jokio pavojaus \u017emon\u0117ms. Oksid\u0173 \u0161alinimo priemon\u0117 taip pat u\u017etikrina veiksming\u0105 ter\u0161al\u0173 \u0161alinim\u0105, nepakenkiant saul\u0117s moduliams, atramin\u0117ms konstrukcijoms, stogo med\u017eiagoms, ir kitiems komponentams.<\/p>\n<p>Novatori\u0161ka valymo priemon\u0117 naudoja unikali\u0105 kombinuot\u0105 technologij\u0105, kuri efektyviai i\u0161tirpina ir skaido metal\u0173 oksidus. Valiklio formul\u0117 giliai prasiskverbia \u012f metal\u0173 oksidus, juos mink\u0161tina bei atlaisvina, kad b\u016bt\u0173 lengva pa\u0161alinti. Nor\u0117dami i\u0161vengti da\u017enai pasikartojan\u010dio metalo oksid\u0173 atsiradimo, rekomenduojama prevenci\u0161kai apsaugoti modulius naudojant antistatin\u0119 dang\u0105.<\/p>\n<p>Privalumai:<\/p>\n<ul>\n<li>Lengvai pa\u0161alina metalo oksidus, kuriuos kitu atveju labai sunku pa\u0161alinti nerizikuojant sugadinti modulius.<\/li>\n<li>Sukurtas specialiai saul\u0117s moduliams.<\/li>\n<li>Akimirksniu reaguoja su metalo oksid\u0173 detal\u0117mis ir jas atlaisvina.<\/li>\n<li>Lengvai biologi\u0161kai skaidomas ir nekenksmingas aplinkai.<\/li>\n<li>Nepa\u017eeid\u017eia elektrin\u0117s aliuminio r\u0117mo.<\/li>\n<\/ul>\n<p>Kaip naudoti?<\/p>\n<ul>\n<li>Sumai\u0161ykite 100 ml produkto su 900 ml vandens (santykis 1:9), jei tirpalas n\u0117ra pakankamai stiprus galite ma\u017einti koncentracij\u0105 iki 1:5. Ta\u010diau, norint rasti optimal\u0173 skiedimo lyg\u012f, rekomenduojame prad\u0117ti nuo maksimalaus skiedimo (1:10) ir tikrinti kiek tai efektinga. Jei tai n\u0117ra veiksminga, galite ma\u017einti skiedimo santyk\u012f iki kol rasite Jums tinkamiausi\u0105.<\/li>\n<li>U\u017epurk\u0161kite ant saus\u0173 moduli\u0173.<\/li>\n<li>Palikite kelioms minut\u0117ms.<\/li>\n<li>Nuplaukite vandeniu.<\/li>\n<\/ul>\n","protected":false},"excerpt":{"rendered":"<ul>\n<li>Lengvai pa\u0161alina metalo oksidus, kuriuos kitu atveju labai sunku pa\u0161alinti nerizikuojant sugadinti modulius.<\/li>\n<li>Sukurtas specialiai saul\u0117s moduliams.<\/li>\n<li>Akimirksniu reaguoja su metalo oksid\u0173 detal\u0117mis ir jas atlaisvina.<\/li>\n<li>Lengvai biologi\u0161kai skaidomas ir nekenksmingas aplinkai.<\/li>\n<\/ul>\n<p>Pristatymas iki 10 k.d.<\/p>\n","protected":false},"featured_media":9796,"comment_status":"open","ping_status":"closed","template":"","meta":{"_acf_changed":false,"om_disable_all_campaigns":false,"_uf_show_specific_survey":0,"_uf_disable_surveys":false},"pwb-brand":[],"gamintojas":[],"product_brand":[],"product_cat":[359],"product_tag":[],"class_list":{"0":"post-9784","1":"product","2":"type-product","3":"status-publish","4":"has-post-thumbnail","6":"product_cat-saules-elektriniu-valymo-priemones","7":"product_shipping_class-b-pristatymo-klase","9":"first","10":"onbackorder","11":"taxable","12":"shipping-taxable","13":"purchasable","14":"product-type-simple"},"acf":[],"aioseo_notices":[],"brands":[],"_links":{"self":[{"href":"https:\/\/solaroutlet.lt\/en\/wp-json\/wp\/v2\/product\/9784","targetHints":{"allow":["GET"]}}],"collection":[{"href":"https:\/\/solaroutlet.lt\/en\/wp-json\/wp\/v2\/product"}],"about":[{"href":"https:\/\/solaroutlet.lt\/en\/wp-json\/wp\/v2\/types\/product"}],"replies":[{"embeddable":true,"href":"https:\/\/solaroutlet.lt\/en\/wp-json\/wp\/v2\/comments?post=9784"}],"wp:featuredmedia":[{"embeddable":true,"href":"https:\/\/solaroutlet.lt\/en\/wp-json\/wp\/v2\/media\/9796"}],"wp:attachment":[{"href":"https:\/\/solaroutlet.lt\/en\/wp-json\/wp\/v2\/media?parent=9784"}],"wp:term":[{"taxonomy":"pwb-brand","embeddable":true,"href":"https:\/\/solaroutlet.lt\/en\/wp-json\/wp\/v2\/pwb-brand?post=9784"},{"taxonomy":"gamintojas","embeddable":true,"href":"https:\/\/solaroutlet.lt\/en\/wp-json\/wp\/v2\/gamintojas?post=9784"},{"taxonomy":"product_brand","embeddable":true,"href":"https:\/\/solaroutlet.lt\/en\/wp-json\/wp\/v2\/product_brand?post=9784"},{"taxonomy":"product_cat","embeddable":true,"href":"https:\/\/solaroutlet.lt\/en\/wp-json\/wp\/v2\/product_cat?post=9784"},{"taxonomy":"product_tag","embeddable":true,"href":"https:\/\/solaroutlet.lt\/en\/wp-json\/wp\/v2\/product_tag?post=9784"}],"curies":[{"name":"wp","href":"https:\/\/api.w.org\/{rel}","templated":true}]}}