{"id":9785,"date":"2025-10-14T15:39:20","date_gmt":"2025-10-14T12:39:20","guid":{"rendered":"https:\/\/solaroutlet.lt\/?post_type=product&#038;p=9785"},"modified":"2025-10-14T16:34:22","modified_gmt":"2025-10-14T13:34:22","slug":"antistatine-saules-moduliu-danga-2-0-2-kg","status":"publish","type":"product","link":"https:\/\/solaroutlet.lt\/en\/produktas\/antistatine-saules-moduliu-danga-2-0-2-kg\/","title":{"rendered":"Antistatin\u0117 saul\u0117s moduli\u0173 danga 2.0 &#8211; 2 kg."},"content":{"rendered":"<p>Saul\u0117s moduliai yra veikiami aplinkos veiksni\u0173, kurie trumpina elektrin\u0117s efektyvum\u0105 ir tarnavimo laik\u0105. Antistatin\u0117 saul\u0117s moduli\u0173 danga yra <strong>specialiai sukurta u\u017etikrinti patvar\u0173 ir efektyv\u0173 barjer\u0105<\/strong>, kuris apsaugo modulius nuo \u012fvairi\u0173 ter\u0161al\u0173 ir aplinkos veiksni\u0173, taip didinant elektrin\u0117s efektyvum\u0105 iki <strong>5%<\/strong>.<\/p>\n<p>Unikalios dangos savyb\u0117s apsaugo saul\u0117s modulius nuo ne\u0161varum\u0173 kaupimosi ant plok\u0161\u010di\u0173 pavir\u0161iaus, tad valymas tampa dar lengvesnis ir greitesnis. Suma\u017einus ne\u0161varum\u0173 kaupim\u0105si, \u0161i <strong>danga padeda elektrinei gaminti daugiau energijos<\/strong>.<\/p>\n<p>\u0160i\u0105 antistatin\u0119 saul\u0117s moduli\u0173 dang\u0105 yra pritaikoma nesud\u0117tingu procesu, kuris atliekamas greitai ir lengvai.<\/p>\n<p>Danga taip pat yra sukurta taip, kad b\u016bt\u0173 <strong>savaime i\u0161silyginanti<\/strong>, o tai rei\u0161kia, kad ji tolygiai pasiskirsto po saul\u0117s kolektori\u0173 pavir\u0161i\u0173 ir u\u017etikrina<strong> vienod\u0105 ir efektyv\u0173 apsaugos sluoksn\u012f<\/strong>. Danga taip pat suteikia ilgalaik\u0119 naud\u0105 bei suma\u017eina da\u017eno valymo ir prie\u017ei\u016bros poreik\u012f.<\/p>\n<p>Priemon\u0117 yra visi\u0161kai i\u0161bandyta tarptautin\u0117je laboratorijoje, tod\u0117l yra u\u017etikrinta, jog antistatin\u0117s savyb\u0117s veikia taip, kaip nurodyta. Dangos naudojimas taip pat nepanaikina saul\u0117s moduli\u0173 garantijos.<\/p>\n<p>Kaip naudoti?<\/p>\n<ul>\n<li>Apie 5 ml priemon\u0117s \u012f 5 litrus vandens.<\/li>\n<li>Valykite saul\u0117s modulius \u012fprastai naudodami \u0161\u012f tirpal\u0105.<\/li>\n<li>Papildomai nuplauti nereikia.<\/li>\n<\/ul>\n<p><em>Svarbu: \u0161io produkto nerekomenduojame naudoti su rankiniu \u0161epe\u010diu. Norint gauti tok\u012f pat efekt\u0105 ir naudoti rankin\u012f \u0161epet\u012f, rekomenduojame rinktis saul\u0117s paneli\u0173 valikl\u012f &#8220;Solar wash protect&#8221;.<\/em><\/p>\n","protected":false},"excerpt":{"rendered":"<p>\u0160i\u0105 antistatin\u0119 saul\u0117s moduli\u0173 dang\u0105 yra pritaikoma nesud\u0117tingu procesu, kuris atliekamas greitai ir lengvai. Danga taip pat yra sukurta taip, kad b\u016bt\u0173 savaime i\u0161silyginanti, o tai rei\u0161kia, kad ji tolygiai pasiskirsto po saul\u0117s kolektori\u0173 pavir\u0161i\u0173 ir u\u017etikrina vienod\u0105 ir efektyv\u0173 apsaugos sluoksn\u012f. Danga taip pat suteikia ilgalaik\u0119 naud\u0105 bei suma\u017eina da\u017eno valymo ir prie\u017ei\u016bros poreik\u012f.<\/p>\n<p>&nbsp;<\/p>\n<p>Pristatymas iki 10 k.d.<\/p>\n","protected":false},"featured_media":9798,"comment_status":"open","ping_status":"closed","template":"","meta":{"_acf_changed":false,"om_disable_all_campaigns":false,"_uf_show_specific_survey":0,"_uf_disable_surveys":false},"pwb-brand":[],"gamintojas":[],"product_brand":[],"product_cat":[359],"product_tag":[],"class_list":{"0":"post-9785","1":"product","2":"type-product","3":"status-publish","4":"has-post-thumbnail","6":"product_cat-saules-elektriniu-valymo-priemones","7":"product_shipping_class-b-pristatymo-klase","9":"first","10":"onbackorder","11":"taxable","12":"shipping-taxable","13":"purchasable","14":"product-type-simple"},"acf":[],"aioseo_notices":[],"brands":[],"_links":{"self":[{"href":"https:\/\/solaroutlet.lt\/en\/wp-json\/wp\/v2\/product\/9785","targetHints":{"allow":["GET"]}}],"collection":[{"href":"https:\/\/solaroutlet.lt\/en\/wp-json\/wp\/v2\/product"}],"about":[{"href":"https:\/\/solaroutlet.lt\/en\/wp-json\/wp\/v2\/types\/product"}],"replies":[{"embeddable":true,"href":"https:\/\/solaroutlet.lt\/en\/wp-json\/wp\/v2\/comments?post=9785"}],"wp:featuredmedia":[{"embeddable":true,"href":"https:\/\/solaroutlet.lt\/en\/wp-json\/wp\/v2\/media\/9798"}],"wp:attachment":[{"href":"https:\/\/solaroutlet.lt\/en\/wp-json\/wp\/v2\/media?parent=9785"}],"wp:term":[{"taxonomy":"pwb-brand","embeddable":true,"href":"https:\/\/solaroutlet.lt\/en\/wp-json\/wp\/v2\/pwb-brand?post=9785"},{"taxonomy":"gamintojas","embeddable":true,"href":"https:\/\/solaroutlet.lt\/en\/wp-json\/wp\/v2\/gamintojas?post=9785"},{"taxonomy":"product_brand","embeddable":true,"href":"https:\/\/solaroutlet.lt\/en\/wp-json\/wp\/v2\/product_brand?post=9785"},{"taxonomy":"product_cat","embeddable":true,"href":"https:\/\/solaroutlet.lt\/en\/wp-json\/wp\/v2\/product_cat?post=9785"},{"taxonomy":"product_tag","embeddable":true,"href":"https:\/\/solaroutlet.lt\/en\/wp-json\/wp\/v2\/product_tag?post=9785"}],"curies":[{"name":"wp","href":"https:\/\/api.w.org\/{rel}","templated":true}]}}