{"id":9786,"date":"2025-10-14T15:40:16","date_gmt":"2025-10-14T12:40:16","guid":{"rendered":"https:\/\/solaroutlet.lt\/?post_type=product&#038;p=9786"},"modified":"2025-10-15T08:19:51","modified_gmt":"2025-10-15T05:19:51","slug":"kerpiu-salinimo-valiklis-lichen-removal-agent-lra-5-kg","status":"publish","type":"product","link":"https:\/\/solaroutlet.lt\/en\/produktas\/kerpiu-salinimo-valiklis-lichen-removal-agent-lra-5-kg\/","title":{"rendered":"Kerpi\u0173 \u0161alinimo valiklis \u2013 Lichen removal agent (LRA) 5 kg."},"content":{"rendered":"<p><strong>Efektyvus valiklis kerpi\u0173, saman\u0173, ar dumbli\u0173 \u0161alinimui nuo saul\u0117s moduli\u0173.<\/strong><\/p>\n<p>Tai profesionaliai sukurta, biologi\u0161kai suyranti priemon\u0117, pagaminta kerpi\u0173, dumbli\u0173, ar saman\u0173 \u0161alinimui nuo saul\u0117s moduli\u0173 stiklo ar r\u0117m\u0173.<\/p>\n<p>Kerpi\u0173 apna\u0161os \u2013 viena pavojingiausi\u0173 saul\u0117s elektrin\u0117s problem\u0173, nes u\u017estoja saul\u0117s spindulius ir <strong>ma\u017eina elektrin\u0117s efektyvum\u0105 net iki 20%<\/strong>. Taip pat, kerp\u0117s gali gadinti sandarinim\u0105.<\/p>\n<p>\u0160is <strong>valiklis gali \u012fsiskverbti \u012f kerp\u0117s strukt\u016br\u0105<\/strong> bei sunaikinti jos \u0161akn\u012f, nepa\u017eeid\u017eiant modulio pavir\u0161iaus ir sandarinimo. J\u016bs\u0173 saul\u0117s moduliai taip pat yra apsaugomi nuo kerpi\u0173 ataugimo.<\/p>\n<p>Privalumai:<\/p>\n<ul>\n<li>Pa\u0161alina kerpes, dumblius, ir \u017eali\u0105sias apna\u0161as.<\/li>\n<li>Veikia greitai \u2013 rezultatas po 15-20 min.<\/li>\n<li>Ne\u017ealoja stiklo ir r\u0117m\u0173.<\/li>\n<li>Produktas biologi\u0161kai suyrantis ir saugus aplinkai.<\/li>\n<li>Suma\u017eina pakartotinio kerpi\u0173 augimo rizik\u0105.<\/li>\n<\/ul>\n<p>Naudojimas:<\/p>\n<ul>\n<li>Prie\u0161 naudojim\u0105, \u012fsitikinkite, kad panel\u0117s yra sausos ir pav\u0117syje (nekar\u0161tos).<\/li>\n<li>\u012epilkite 100 ml valiklio \u012f 200 ml vandens (santykis 1:2).<\/li>\n<li>U\u017epuk\u0161kite tirpal\u0105 tiesiai ant u\u017eter\u0161t\u0173 viet\u0173.<\/li>\n<li>Palikite veikti apie 15-20 minu\u010di\u0173 (jei apna\u0161os storos, galite lengvai patrinti mink\u0161tu \u0161epet\u0117liu).<\/li>\n<li>Gerai nuplaukite \u0161variu vandeniu.<\/li>\n<li><em>Rekomenduojamas papildomas \u017eingsnis: i\u0161kart po moduli\u0173 nuplovimo rekomenduojama juos padengti apsaugine danga (pvz., antistatine danga), kad moduliai b\u016bt\u0173 geriau apsaugoti.<\/em><\/li>\n<\/ul>\n","protected":false},"excerpt":{"rendered":"<ul>\n<li>Pa\u0161alina kerpes, dumblius, ir \u017eali\u0105sias apna\u0161as.<\/li>\n<li>Veikia greitai \u2013 rezultatas po 15-20 min.<\/li>\n<li>Ne\u017ealoja stiklo ir r\u0117m\u0173.<\/li>\n<li>Produktas biologi\u0161kai suyrantis ir saugus aplinkai.<\/li>\n<li>Suma\u017eina pakartotinio kerpi\u0173 augimo rizik\u0105.<\/li>\n<\/ul>\n<p>Pristatymas iki 10 k.d.<\/p>\n","protected":false},"featured_media":9800,"comment_status":"open","ping_status":"closed","template":"","meta":{"_acf_changed":false,"om_disable_all_campaigns":false,"_uf_show_specific_survey":0,"_uf_disable_surveys":false},"pwb-brand":[],"gamintojas":[],"product_brand":[],"product_cat":[359],"product_tag":[],"class_list":{"0":"post-9786","1":"product","2":"type-product","3":"status-publish","4":"has-post-thumbnail","6":"product_cat-saules-elektriniu-valymo-priemones","7":"product_shipping_class-b-pristatymo-klase","9":"first","10":"onbackorder","11":"taxable","12":"shipping-taxable","13":"purchasable","14":"product-type-simple"},"acf":[],"aioseo_notices":[],"brands":[],"_links":{"self":[{"href":"https:\/\/solaroutlet.lt\/en\/wp-json\/wp\/v2\/product\/9786","targetHints":{"allow":["GET"]}}],"collection":[{"href":"https:\/\/solaroutlet.lt\/en\/wp-json\/wp\/v2\/product"}],"about":[{"href":"https:\/\/solaroutlet.lt\/en\/wp-json\/wp\/v2\/types\/product"}],"replies":[{"embeddable":true,"href":"https:\/\/solaroutlet.lt\/en\/wp-json\/wp\/v2\/comments?post=9786"}],"wp:featuredmedia":[{"embeddable":true,"href":"https:\/\/solaroutlet.lt\/en\/wp-json\/wp\/v2\/media\/9800"}],"wp:attachment":[{"href":"https:\/\/solaroutlet.lt\/en\/wp-json\/wp\/v2\/media?parent=9786"}],"wp:term":[{"taxonomy":"pwb-brand","embeddable":true,"href":"https:\/\/solaroutlet.lt\/en\/wp-json\/wp\/v2\/pwb-brand?post=9786"},{"taxonomy":"gamintojas","embeddable":true,"href":"https:\/\/solaroutlet.lt\/en\/wp-json\/wp\/v2\/gamintojas?post=9786"},{"taxonomy":"product_brand","embeddable":true,"href":"https:\/\/solaroutlet.lt\/en\/wp-json\/wp\/v2\/product_brand?post=9786"},{"taxonomy":"product_cat","embeddable":true,"href":"https:\/\/solaroutlet.lt\/en\/wp-json\/wp\/v2\/product_cat?post=9786"},{"taxonomy":"product_tag","embeddable":true,"href":"https:\/\/solaroutlet.lt\/en\/wp-json\/wp\/v2\/product_tag?post=9786"}],"curies":[{"name":"wp","href":"https:\/\/api.w.org\/{rel}","templated":true}]}}