{"id":9907,"date":"2025-10-22T15:22:47","date_gmt":"2025-10-22T12:22:47","guid":{"rendered":"https:\/\/solaroutlet.lt\/?post_type=product&#038;p=9907"},"modified":"2025-10-24T13:19:35","modified_gmt":"2025-10-24T10:19:35","slug":"solaredge-s1200-1gm4mbv-s-series-galios-optimizatorius-trumpi-laidai","status":"publish","type":"product","link":"https:\/\/solaroutlet.lt\/en\/produktas\/solaredge-s1200-1gm4mbv-s-series-galios-optimizatorius-trumpi-laidai\/","title":{"rendered":"SolarEdge S1200-1GM4MBV S-Series galios optimizatorius (trumpi laidai)"},"content":{"rendered":"<p><strong>SolarEdge galios optimizatorius \u2013 tai auk\u0161tos kokyb\u0117s saul\u0117s moduli\u0173 optimizatorius, kuris specialiai sukurtas darbui su \u201eSolarEdge\u201c komercinio tipo ar didelio masto \u012frenginiais<\/strong>. Prietaisas garantuoja maksimal\u0173 energijos i\u0161gavim\u0105 i\u0161 kiekvieno modulio taip padidinant sistemos efektyvum\u0105, saugum\u0105, ir lankstum\u0105. Idealiai tinka komercin\u0117ms saul\u0117s elektrin\u0117ms, kurioms reikalingas auk\u0161tas na\u0161umas, maksimalus saugumas ir patikimas modulio lygio steb\u0117jimas.<\/p>\n<p>Pagrindin\u0117s savyb\u0117s:<\/p>\n<ul>\n<li>Suderinamas su komercinio tipo inverteriais ir optimaliai integruojamas su \u201eSolarEdge\u201c ekosistema.<\/li>\n<li>Dviej\u0173 moduli\u0173 prijungimas (2-in-series) \u2013 suma\u017eina reikaling\u0173 optimizatori\u0173 ir kabeli\u0173 skai\u010di\u0173.<\/li>\n<li>Integruota apsauga ir saugumas \u2013 optimizatorius aptinka ne\u012fprast\u0105 fotovoltini\u0173 jung\u010di\u0173 veikim\u0105 bei u\u017ekerta keli\u0105 galimoms saugumo problemoms. <em>Svarbu: funkcionalumas priklauso nuo turimo inverterio modelio bei programin\u0117s \u012frangos versijos. <\/em>Optimizatorius garantuoja saul\u0117s modulio lygio \u012ftampos i\u0161jungim\u0105, u\u017etikrinant dar auk\u0161tesn\u012f saugumo lyg\u012f.<\/li>\n<li>Itin auk\u0161tas efektyvumas \u2013 iki 99,5%.<\/li>\n<li>\u012erenginys suderinamas su dvipusiais (bifacial) saul\u0117s moduliais.<\/li>\n<li>Ma\u017eesni nuostoliai \u2013 kompensuoja neatitikimus ir energijos praradim\u0105 d\u0117l dalinio \u0161e\u0161\u0117liavimo.<\/li>\n<li>Greitas ir lengvas montavimas d\u0117l paprasto kabeli\u0173 valdymo.<\/li>\n<li>Lankstus sistemos projektavimas, kuris leid\u017eia optimaliai i\u0161naudoti erdv\u0119.<\/li>\n<\/ul>\n<p>Technin\u0117s specifikacijos:<\/p>\n<ul>\n<li>Nominali \u012f\u0117jimo galia: 1200 W (priklausomai nuo versijos).<\/li>\n<li>Maksimalus efektyvumas: 99,5%.<\/li>\n<li>Apsaugos klas\u0117: IP68.<\/li>\n<li>Matmenys: 129 x 165 x 52 mm.<\/li>\n<li>Svoris: 790 g.<\/li>\n<li>Darbin\u0117 temperat\u016bra: nuo -40\u00b0C iki +85\u00b0C.<\/li>\n<li>I\u0161\u0117jimo laidas: 5,3 metrai; \u012f\u0117jimo laikas \u2013 2 x 0,1 m. (montavimui \u0161alia moduli\u0173).<\/li>\n<\/ul>\n<p><a href=\"https:\/\/gfx3.senetic.com\/akeneo-catalog\/5\/8\/4\/1\/5841f5c409f672182990c84bb0a247b89521edab_Katalogo_kortel___EN.pdf?_gl=1*17zkfob*_gcl_aw*R0NMLjE3NjEyOTAwMjkuQ2p3S0NBand4LXpIQmhCaEVpd0E3S2pxNjcwRDNSaTVqTVE0UGtENV85VC1EaGlkRWtER25DSU9oLTJhWTVLcU5RTXQyb3RaOXlBTVRob0NEbDRRQXZEX0J3RQ..*_gcl_au*OTg4MTQ3MjkxLjE3NTk5MDIwNzMuODA1OTQyOTQ3LjE3NjEwNDg2MDguMTc2MTA0ODYwNw..*_ga*NTU0NDQ1Mzc4LjE3NTk5MDIwNzM.*_ga_CEDYVDRNE7*czE3NjEyOTAwMjgkbzEzJGcwJHQxNzYxMjkwMDMxJGo1NyRsMCRoMTc4MzcwODQ3Mg..*_ga_LRSRSRFSEN*czE3NjEyOTAwMjkkbzEzJGcwJHQxNzYxMjkwMDMxJGo1OCRsMCRoNzY5Njg0Njg3\" target=\"_blank\" rel=\"noopener\">\u27a1\ufe0fTechnin\u0117s specifikacijos<\/a><\/p>\n","protected":false},"excerpt":{"rendered":"<ul>\n<li>Suderinamas su komercinio tipo inverteriais ir optimaliai integruojamas su \u201eSolarEdge\u201c ekosistema.<\/li>\n<li>Integruota apsauga ir saugumas \u2013 optimizatorius aptinka ne\u012fprast\u0105 fotovoltini\u0173 jung\u010di\u0173 veikim\u0105 bei u\u017ekerta keli\u0105 galimoms saugumo problemoms. <em>Svarbu: funkcionalumas priklauso nuo turimo inverterio modelio bei programin\u0117s \u012frangos versijos. <\/em>Optimizatorius garantuoja saul\u0117s modulio lygio \u012ftampos i\u0161jungim\u0105, u\u017etikrinant dar auk\u0161tesn\u012f saugumo lyg\u012f.<\/li>\n<li>Itin auk\u0161tas efektyvumas \u2013 iki 99,5%.<\/li>\n<li>\u012erenginys suderinamas su dvipusiais (bifacial) saul\u0117s moduliais.<\/li>\n<li>Ma\u017eesni nuostoliai \u2013 kompensuoja neatitikimus ir energijos praradim\u0105 d\u0117l dalinio \u0161e\u0161\u0117liavimo.<\/li>\n<li>Greitas ir lengvas montavimas d\u0117l paprasto kabeli\u0173 valdymo.<\/li>\n<li>Lankstus sistemos projektavimas, kuris leid\u017eia optimaliai i\u0161naudoti erdv\u0119.<\/li>\n<\/ul>\n","protected":false},"featured_media":9937,"comment_status":"open","ping_status":"closed","template":"","meta":{"_acf_changed":false,"om_disable_all_campaigns":false,"_uf_show_specific_survey":0,"_uf_disable_surveys":false},"pwb-brand":[205],"gamintojas":[136],"product_brand":[],"product_cat":[281],"product_tag":[],"class_list":{"0":"post-9907","1":"product","2":"type-product","3":"status-publish","4":"has-post-thumbnail","6":"pwb-brand-solaredge","7":"gamintojas-solaredge","8":"product_cat-optimizatoriai","9":"product_shipping_class-b-pristatymo-klase","11":"first","12":"instock","13":"taxable","14":"shipping-taxable","15":"purchasable","16":"product-type-simple"},"acf":[],"aioseo_notices":[],"brands":[{"id":205,"name":"SolarEdge","slug":"solaredge"}],"_links":{"self":[{"href":"https:\/\/solaroutlet.lt\/en\/wp-json\/wp\/v2\/product\/9907","targetHints":{"allow":["GET"]}}],"collection":[{"href":"https:\/\/solaroutlet.lt\/en\/wp-json\/wp\/v2\/product"}],"about":[{"href":"https:\/\/solaroutlet.lt\/en\/wp-json\/wp\/v2\/types\/product"}],"replies":[{"embeddable":true,"href":"https:\/\/solaroutlet.lt\/en\/wp-json\/wp\/v2\/comments?post=9907"}],"wp:featuredmedia":[{"embeddable":true,"href":"https:\/\/solaroutlet.lt\/en\/wp-json\/wp\/v2\/media\/9937"}],"wp:attachment":[{"href":"https:\/\/solaroutlet.lt\/en\/wp-json\/wp\/v2\/media?parent=9907"}],"wp:term":[{"taxonomy":"pwb-brand","embeddable":true,"href":"https:\/\/solaroutlet.lt\/en\/wp-json\/wp\/v2\/pwb-brand?post=9907"},{"taxonomy":"gamintojas","embeddable":true,"href":"https:\/\/solaroutlet.lt\/en\/wp-json\/wp\/v2\/gamintojas?post=9907"},{"taxonomy":"product_brand","embeddable":true,"href":"https:\/\/solaroutlet.lt\/en\/wp-json\/wp\/v2\/product_brand?post=9907"},{"taxonomy":"product_cat","embeddable":true,"href":"https:\/\/solaroutlet.lt\/en\/wp-json\/wp\/v2\/product_cat?post=9907"},{"taxonomy":"product_tag","embeddable":true,"href":"https:\/\/solaroutlet.lt\/en\/wp-json\/wp\/v2\/product_tag?post=9907"}],"curies":[{"name":"wp","href":"https:\/\/api.w.org\/{rel}","templated":true}]}}