{"id":9934,"date":"2025-10-22T15:25:05","date_gmt":"2025-10-22T12:25:05","guid":{"rendered":"https:\/\/solaroutlet.lt\/?post_type=product&#038;p=9934"},"modified":"2026-02-23T10:18:22","modified_gmt":"2026-02-23T07:18:22","slug":"solaredge-48v-5-12-kwh-namu-baterija-energijos-kaupimo-modulis-bat-05k48m0b-02","status":"publish","type":"product","link":"https:\/\/solaroutlet.lt\/en\/produktas\/solaredge-48v-5-12-kwh-namu-baterija-energijos-kaupimo-modulis-bat-05k48m0b-02\/","title":{"rendered":"SolarEdge 48V 5.12 kWh nam\u0173 baterija \u2013 energijos kaupimo modulis (BAT-05K48M0B-02)"},"content":{"rendered":"<p><strong>SolarEdge nam\u0173 baterija \u2013 tai pa\u017eangus energijos kaupimo sprendimas, sukurtas u\u017etikrinti auk\u0161\u010diausi\u0105 efektyvum\u0105 ir patikimum\u0105 tiek nam\u0173, tiek komercin\u0117ms saul\u0117s energijos sistemoms.<\/strong> Prietaisas yra <strong>5.12 kWh<\/strong> talpos ir garantuoja perteklin\u0117s saul\u0117s energijos saugojim\u0105 dienos metu, o jos panaudojim\u0105 v\u0117liau, kai n\u0117ra saul\u0117s. Tokiu b\u016bdu turite galimyb\u0119 suma\u017einti priklausomyb\u0119 nuo elektros tinklo ir suma\u017einti energijos s\u0105naudas.<\/p>\n<p>\u0160i nam\u0173 baterija puikiai integruojasi su <strong>\u201eSolarEdge Home Hub\u201c<\/strong> ir<strong> \u201eStorEdge\u201c<\/strong> trifaziais inverteriais. Visas energijos srautas namuose gali b\u016bti valdomas i\u0161maniai ir efektyviai. \u012erenginys yra modulin\u0117s konstrukcijos, tod\u0117l vartotojai gali lengvai pl\u0117sti sistemos talp\u0105, sujungdami kelis modulius \u012f vien\u0105 baterij\u0173 blok\u0105 \u2013 <strong>iki 23 kWh bendrai<\/strong>.<\/p>\n<p>Prietaise \u012fmontuotas <strong>\u201ePlug-and-play\u201c<\/strong> tipo montavimo mechanizmas bei automatinis nustatymas per <strong>\u201eSetApp\u201c program\u0117l\u0119<\/strong>, kurie leid\u017eia itin greitai ir paprastai paleisti sistem\u0105. \u012erenginys taip pat pasi\u017eymi IP65 apsauga, tad gali b\u016bti montuojamas tiek patalpose, tiek lauke, i\u0161laikant itin auk\u0161t\u0105 saugumo ir patikimumo lyg\u012f.<\/p>\n<p>\u201eSolarEdge\u201c akumuliatoriai gaminami laikantis auk\u0161\u010diausi\u0173 saugumo standart\u0173 (IEC62619, UN38.3, IEC63056). Kiekviename modulyje taip pat integruota apsaugos sistema nuo perkaitimo, vir\u0161\u012ftampi\u0173 ir per didel\u0117s srov\u0117s.<\/p>\n<p>Pagrindin\u0117s savyb\u0117s:<\/p>\n<ul>\n<li>Energijos talpa \u2013 5.12 kWh.<\/li>\n<li>Auk\u0161tas efektyvumas \u2013 94.5%.<\/li>\n<li>Modulin\u0117 konstrukcija \u2013 iki 5 moduli\u0173 vienam inverteriui.<\/li>\n<li>Suderinama su \u201eSolarEdge Home\u201c ekosistema.<\/li>\n<li>Tylus veikimas (&lt;25 dBA) ir ilgaam\u017ei\u0161kas li\u010dio jon\u0173 akumuliatorius.<\/li>\n<li>10 met\u0173 gamintojo garantija.<\/li>\n<li>\u201ePlug-and-Play\u201c montavimas su automatinio nustatymo funkcija.<\/li>\n<\/ul>\n<p>Technin\u0117s specifikacijos:<\/p>\n<ul>\n<li>Maksimali nuolatin\u0117 \u012fkrovimo\/i\u0161krovimo galia vienam moduliui: 2825 W \/ 4096 W.<\/li>\n<li>Matmenys: 540 x 500 x 240 mm.<\/li>\n<li>Svoris: 54.7 kg.<\/li>\n<li>Apsaugos klas\u0117: IP65<\/li>\n<li>Veikimo temperat\u016bra: -10 \u00b0C iki +50 \u00b0C.<\/li>\n<li>Triuk\u0161mo lygis: &lt;25 dBA.<\/li>\n<\/ul>\n<p><a href=\"https:\/\/cdn.shopify.com\/s\/files\/1\/0017\/8847\/7489\/files\/SolarEdge_BAT-05K48_datasheet.pdf?v=1675621660\" target=\"_blank\" rel=\"noopener\">\u27a1\ufe0fTechniniai duomenys<\/a><\/p>\n","protected":false},"excerpt":{"rendered":"<ul>\n<li>Energijos talpa \u2013 5.12 kWh.<\/li>\n<li>Auk\u0161tas efektyvumas \u2013 94.5%.<\/li>\n<li>Modulin\u0117 konstrukcija \u2013 iki 5 moduli\u0173 vienam inverteriui.<\/li>\n<li>Suderinama su \u201eSolarEdge Home\u201c ekosistema.<\/li>\n<li>Tylus veikimas (&lt;25 dBA) ir ilgaam\u017ei\u0161kas li\u010dio jon\u0173 akumuliatorius.<\/li>\n<li>10 met\u0173 gamintojo garantija.<\/li>\n<li>\u201ePlug-and-Play\u201c montavimas su automatinio nustatymo funkcija.<\/li>\n<\/ul>\n","protected":false},"featured_media":9935,"comment_status":"open","ping_status":"closed","template":"","meta":{"_acf_changed":false,"om_disable_all_campaigns":false,"_uf_show_specific_survey":0,"_uf_disable_surveys":false},"pwb-brand":[205],"gamintojas":[136],"product_brand":[],"product_cat":[108],"product_tag":[],"class_list":{"0":"post-9934","1":"product","2":"type-product","3":"status-publish","4":"has-post-thumbnail","6":"pwb-brand-solaredge","7":"gamintojas-solaredge","8":"product_cat-elektros-energijos-kaupikliai-baterijos","9":"product_shipping_class-f-pristatymo-klase","11":"first","12":"instock","13":"taxable","14":"shipping-taxable","15":"purchasable","16":"product-type-simple"},"acf":[],"aioseo_notices":[],"brands":[{"id":205,"name":"SolarEdge","slug":"solaredge"}],"_links":{"self":[{"href":"https:\/\/solaroutlet.lt\/en\/wp-json\/wp\/v2\/product\/9934","targetHints":{"allow":["GET"]}}],"collection":[{"href":"https:\/\/solaroutlet.lt\/en\/wp-json\/wp\/v2\/product"}],"about":[{"href":"https:\/\/solaroutlet.lt\/en\/wp-json\/wp\/v2\/types\/product"}],"replies":[{"embeddable":true,"href":"https:\/\/solaroutlet.lt\/en\/wp-json\/wp\/v2\/comments?post=9934"}],"wp:featuredmedia":[{"embeddable":true,"href":"https:\/\/solaroutlet.lt\/en\/wp-json\/wp\/v2\/media\/9935"}],"wp:attachment":[{"href":"https:\/\/solaroutlet.lt\/en\/wp-json\/wp\/v2\/media?parent=9934"}],"wp:term":[{"taxonomy":"pwb-brand","embeddable":true,"href":"https:\/\/solaroutlet.lt\/en\/wp-json\/wp\/v2\/pwb-brand?post=9934"},{"taxonomy":"gamintojas","embeddable":true,"href":"https:\/\/solaroutlet.lt\/en\/wp-json\/wp\/v2\/gamintojas?post=9934"},{"taxonomy":"product_brand","embeddable":true,"href":"https:\/\/solaroutlet.lt\/en\/wp-json\/wp\/v2\/product_brand?post=9934"},{"taxonomy":"product_cat","embeddable":true,"href":"https:\/\/solaroutlet.lt\/en\/wp-json\/wp\/v2\/product_cat?post=9934"},{"taxonomy":"product_tag","embeddable":true,"href":"https:\/\/solaroutlet.lt\/en\/wp-json\/wp\/v2\/product_tag?post=9934"}],"curies":[{"name":"wp","href":"https:\/\/api.w.org\/{rel}","templated":true}]}}