{"id":9948,"date":"2025-10-24T13:45:50","date_gmt":"2025-10-24T10:45:50","guid":{"rendered":"https:\/\/solaroutlet.lt\/?post_type=product&#038;p=9948"},"modified":"2025-10-31T10:04:23","modified_gmt":"2025-10-31T07:04:23","slug":"solaredge-jungiamuju-kabeliu-rinkinys-tarp-bateriju-moduliu-48-v-iac-rbat-5kcbat-01","status":"publish","type":"product","link":"https:\/\/solaroutlet.lt\/en\/produktas\/solaredge-jungiamuju-kabeliu-rinkinys-tarp-bateriju-moduliu-48-v-iac-rbat-5kcbat-01\/","title":{"rendered":"SolarEdge jungiam\u0173j\u0173 kabeli\u0173 rinkinys tarp baterij\u0173 moduli\u0173 48 V (IAC-RBAT-5KCBAT-01)"},"content":{"rendered":"<p><strong>\u0160is SolarEdge jungiam\u0173j\u0173 kabeli\u0173 rinkinys yra specialiai sukurtas SolarEdge 48 V nam\u0173 baterijos energijos kaupimo sistemai<\/strong>. Rinkinys naudojamas baterijos modulio sujungimui su kitu moduliu, kai sistemoje yra \u012frengiami keli baterij\u0173 blokai.<\/p>\n<p>Naudojant originalius kabelius yra u\u017etikrinamas <strong>maksimalus sistemos saugumas, ma\u017eesni energijos nuostoliai, ir pilnas suderinamumas su gamintojo reikalavimais<\/strong>. Kabeli\u0173 rinkinys leid\u017eia patikimai perduoti energij\u0105 ir valdymo signalus tarp moduli\u0173. Tai ypa\u010d reikalinga jei planuojate pl\u0117sti sistem\u0105 arba jungti kelis baterij\u0173 bok\u0161tus \u012f vien\u0105 visum\u0105.<\/p>\n<p>Montuojant b\u016btina laikytis technini\u0173 reikalavim\u0173 \u2013 \u012fsitikinti, kad kabeliai b\u016bt\u0173 tinkamai \u012ftempti, nepa\u017eeisti, ir apsaugoti nuo dr\u0117gm\u0117s ir mechaninio streso.<\/p>\n<p>Pagrindin\u0117s savyb\u0117s:<\/p>\n<ul>\n<li>Skirtas SolarEdge Home Battery 48 V sistemoms.<\/li>\n<li>Paskirtis: sujungti vien\u0105 baterijos modul\u012f su kitu baterijos moduliu.<\/li>\n<li>Garantuoja saug\u0173 ir efektyv\u0173 energijos bei duomen\u0173 perdavim\u0105.<\/li>\n<li>Patogus \u201ePlug-and-Play\u201c tipo montavimas.<\/li>\n<li>Garantuota kokyb\u0117 ir ilgaam\u017ei\u0161kumas.<\/li>\n<\/ul>\n<p>Technin\u0117s specifikacijos:<\/p>\n<ul>\n<li>Nominali \u012ftampa: 48 V (atitinka baterijos sistemos \u012ftamp\u0105).<\/li>\n<li>Apytikris svoris: 2kg.<\/li>\n<li>Maksimalus jungties ilgis: rekomenduojama iki 3 m tarp moduli\u0173.<\/li>\n<\/ul>\n<p><a href=\"https:\/\/cdn.shopify.com\/s\/files\/1\/0017\/8847\/7489\/files\/SolarEdge_BAT-05K48_datasheet.pdf?v=1675621660\">\u27a1\ufe0f.Suderinamo produkto technin\u0117 specifikacija<\/a><\/p>\n","protected":false},"excerpt":{"rendered":"<ul>\n<li>Skirtas SolarEdge Home Battery 48 V sistemoms.<\/li>\n<li>Paskirtis: sujungti vien\u0105 baterijos modul\u012f su kitu baterijos moduliu.<\/li>\n<li>Garantuoja saug\u0173 ir efektyv\u0173 energijos bei duomen\u0173 perdavim\u0105.<\/li>\n<li>Patogus \u201ePlug-and-Play\u201c tipo montavimas.<\/li>\n<li>Garantuota kokyb\u0117 ir ilgaam\u017ei\u0161kumas.<\/li>\n<\/ul>\n","protected":false},"featured_media":9950,"comment_status":"open","ping_status":"closed","template":"","meta":{"_acf_changed":false,"om_disable_all_campaigns":false,"_uf_show_specific_survey":0,"_uf_disable_surveys":false},"pwb-brand":[205],"gamintojas":[],"product_brand":[],"product_cat":[108],"product_tag":[],"class_list":{"0":"post-9948","1":"product","2":"type-product","3":"status-publish","4":"has-post-thumbnail","6":"pwb-brand-solaredge","7":"product_cat-elektros-energijos-kaupikliai-baterijos","8":"product_shipping_class-a-pristatymo-klase","10":"first","11":"instock","12":"taxable","13":"shipping-taxable","14":"purchasable","15":"product-type-simple"},"acf":[],"aioseo_notices":[],"brands":[{"id":205,"name":"SolarEdge","slug":"solaredge"}],"_links":{"self":[{"href":"https:\/\/solaroutlet.lt\/en\/wp-json\/wp\/v2\/product\/9948","targetHints":{"allow":["GET"]}}],"collection":[{"href":"https:\/\/solaroutlet.lt\/en\/wp-json\/wp\/v2\/product"}],"about":[{"href":"https:\/\/solaroutlet.lt\/en\/wp-json\/wp\/v2\/types\/product"}],"replies":[{"embeddable":true,"href":"https:\/\/solaroutlet.lt\/en\/wp-json\/wp\/v2\/comments?post=9948"}],"wp:featuredmedia":[{"embeddable":true,"href":"https:\/\/solaroutlet.lt\/en\/wp-json\/wp\/v2\/media\/9950"}],"wp:attachment":[{"href":"https:\/\/solaroutlet.lt\/en\/wp-json\/wp\/v2\/media?parent=9948"}],"wp:term":[{"taxonomy":"pwb-brand","embeddable":true,"href":"https:\/\/solaroutlet.lt\/en\/wp-json\/wp\/v2\/pwb-brand?post=9948"},{"taxonomy":"gamintojas","embeddable":true,"href":"https:\/\/solaroutlet.lt\/en\/wp-json\/wp\/v2\/gamintojas?post=9948"},{"taxonomy":"product_brand","embeddable":true,"href":"https:\/\/solaroutlet.lt\/en\/wp-json\/wp\/v2\/product_brand?post=9948"},{"taxonomy":"product_cat","embeddable":true,"href":"https:\/\/solaroutlet.lt\/en\/wp-json\/wp\/v2\/product_cat?post=9948"},{"taxonomy":"product_tag","embeddable":true,"href":"https:\/\/solaroutlet.lt\/en\/wp-json\/wp\/v2\/product_tag?post=9948"}],"curies":[{"name":"wp","href":"https:\/\/api.w.org\/{rel}","templated":true}]}}