{"id":9954,"date":"2025-10-22T15:18:44","date_gmt":"2025-10-22T12:18:44","guid":{"rendered":"https:\/\/solaroutlet.lt\/?post_type=product&#038;p=9954"},"modified":"2025-10-24T13:35:12","modified_gmt":"2025-10-24T10:35:12","slug":"solaredge-kabeliu-rinkinys-baterija-inverteris-48-v-iac-rbat-5kcinv-02","status":"publish","type":"product","link":"https:\/\/solaroutlet.lt\/en\/produktas\/solaredge-kabeliu-rinkinys-baterija-inverteris-48-v-iac-rbat-5kcinv-02\/","title":{"rendered":"SolarEdge kabeli\u0173 rinkinys \u201eBaterija &#8211; inverteris\u201c 48 V (IAC-RBAT-5KCINV-02)"},"content":{"rendered":"<p><strong>\u0160is SolarEdge jungiam\u0173j\u0173 kabeli\u0173 rinkinys yra specialiai sukurtas jungti J\u016bs\u0173 SolarEdge 48 V energijos kaupimo sistem\u0105 su atitinkamu inverteriu.<\/strong><\/p>\n<p>Kai \u012frengiama baterij\u0173 sistema ir ji sujungiama su inverteriu, svarbu naudoti gamintojo rekomenduojamus kabelius \u2013 taip u\u017etikrinsite saugi\u0105 s\u0105saj\u0105 ir tinkam\u0105 perdavim\u0105. \u0160is kabeli\u0173 rinkinys \u2013 tai profesionalus sprendimas sistemoms, kurios jungia baterij\u0173 modulius su inverteriu.<\/p>\n<p>Montuojant b\u016btina laikytis technini\u0173 reikalavim\u0173 \u2013 \u012fsitikinti, kad kabeliai b\u016bt\u0173 tinkamai \u012ftempti, nepa\u017eeisti, ir apsaugoti nuo dr\u0117gm\u0117s ir mechaninio streso.<\/p>\n<p>Pagrindin\u0117s savyb\u0117s:<\/p>\n<ul>\n<li>Skirtas sujungti SolarEdge Home Battery 48 V su StorEdge inverteriu.<\/li>\n<li>Paruo\u0161tas sprendimas \u2013 ma\u017eina montavimo laik\u0105 ir rizikas, lyginant su savaranki\u0161kai komponuojamais kabeliais.<\/li>\n<li>U\u017etikrintas suderinamumas, saugumas, ir sistemos patikimumas.<\/li>\n<\/ul>\n<p>Technin\u0117s specifikacijos:<\/p>\n<ul>\n<li>Skirtas jungti baterijos moduliai su inverteriu.<\/li>\n<li>Kabeli\u0173 ilgis: apie 2,6m.<\/li>\n<li>Apytikris svoris: 2.8kg.<\/li>\n<\/ul>\n<p><a href=\"https:\/\/gfx3.senetic.com\/akeneo-catalog\/f\/3\/d\/3\/f3d376b325fb75d2493b451c060d4ed3dab77847_SolarEdge_katalogo_lapas___IAC_RBAT_5KCINV_02_EN.pdf?_gl=1*gg6vix*_gcl_aw*R0NMLjE3NjEzMDEzNjIuQ2p3S0NBand4LXpIQmhCaEVpd0E3S2pxNjNXb1B0ZTczWjFiN2k4V2pHeVhqczR4dWNhQjBMZ1VwRjVoQTdzamU2MXVacHpXVE45UDBSb0NfWHdRQXZEX0J3RQ..*_gcl_au*OTg4MTQ3MjkxLjE3NTk5MDIwNzMuODA1OTQyOTQ3LjE3NjEwNDg2MDguMTc2MTA0ODYwNw..*_ga*NTU0NDQ1Mzc4LjE3NTk5MDIwNzM.*_ga_CEDYVDRNE7*czE3NjEzMDEzNjEkbzE0JGcwJHQxNzYxMzAxMzY0JGo1NyRsMCRoMTMxMzA4NjU1NA..*_ga_LRSRSRFSEN*czE3NjEzMDEzNjEkbzE0JGcwJHQxNzYxMzAxMzY0JGo1NyRsMCRoNDI2OTQwMzMz\" target=\"_blank\" rel=\"noopener\">\u27a1\ufe0fTechnin\u0117s specifikacijos<\/a><\/p>\n","protected":false},"excerpt":{"rendered":"<ul>\n<li>Skirtas sujungti SolarEdge Home Battery 48 V su StorEdge inverteriu.<\/li>\n<li>Paruo\u0161tas sprendimas \u2013 ma\u017eina montavimo laik\u0105 ir rizikas, lyginant su savaranki\u0161kai komponuojamais kabeliais.<\/li>\n<li>U\u017etikrintas suderinamumas, saugumas, ir sistemos patikimumas.<\/li>\n<\/ul>\n","protected":false},"featured_media":9955,"comment_status":"open","ping_status":"closed","template":"","meta":{"_acf_changed":false,"om_disable_all_campaigns":false,"_uf_show_specific_survey":0,"_uf_disable_surveys":false},"pwb-brand":[205],"gamintojas":[136],"product_brand":[],"product_cat":[108],"product_tag":[],"class_list":{"0":"post-9954","1":"product","2":"type-product","3":"status-publish","4":"has-post-thumbnail","6":"pwb-brand-solaredge","7":"gamintojas-solaredge","8":"product_cat-elektros-energijos-kaupikliai-baterijos","9":"product_shipping_class-b-pristatymo-klase","11":"first","12":"instock","13":"taxable","14":"shipping-taxable","15":"purchasable","16":"product-type-simple"},"acf":[],"aioseo_notices":[],"brands":[{"id":205,"name":"SolarEdge","slug":"solaredge"}],"_links":{"self":[{"href":"https:\/\/solaroutlet.lt\/en\/wp-json\/wp\/v2\/product\/9954","targetHints":{"allow":["GET"]}}],"collection":[{"href":"https:\/\/solaroutlet.lt\/en\/wp-json\/wp\/v2\/product"}],"about":[{"href":"https:\/\/solaroutlet.lt\/en\/wp-json\/wp\/v2\/types\/product"}],"replies":[{"embeddable":true,"href":"https:\/\/solaroutlet.lt\/en\/wp-json\/wp\/v2\/comments?post=9954"}],"wp:featuredmedia":[{"embeddable":true,"href":"https:\/\/solaroutlet.lt\/en\/wp-json\/wp\/v2\/media\/9955"}],"wp:attachment":[{"href":"https:\/\/solaroutlet.lt\/en\/wp-json\/wp\/v2\/media?parent=9954"}],"wp:term":[{"taxonomy":"pwb-brand","embeddable":true,"href":"https:\/\/solaroutlet.lt\/en\/wp-json\/wp\/v2\/pwb-brand?post=9954"},{"taxonomy":"gamintojas","embeddable":true,"href":"https:\/\/solaroutlet.lt\/en\/wp-json\/wp\/v2\/gamintojas?post=9954"},{"taxonomy":"product_brand","embeddable":true,"href":"https:\/\/solaroutlet.lt\/en\/wp-json\/wp\/v2\/product_brand?post=9954"},{"taxonomy":"product_cat","embeddable":true,"href":"https:\/\/solaroutlet.lt\/en\/wp-json\/wp\/v2\/product_cat?post=9954"},{"taxonomy":"product_tag","embeddable":true,"href":"https:\/\/solaroutlet.lt\/en\/wp-json\/wp\/v2\/product_tag?post=9954"}],"curies":[{"name":"wp","href":"https:\/\/api.w.org\/{rel}","templated":true}]}}