{"id":9957,"date":"2025-10-24T13:44:52","date_gmt":"2025-10-24T10:44:52","guid":{"rendered":"https:\/\/solaroutlet.lt\/?post_type=product&#038;p=9957"},"modified":"2025-10-31T10:03:36","modified_gmt":"2025-10-31T07:03:36","slug":"solaredge-jungiamuju-kabeliu-rinkinys-tower-tower-48-v-iac-rbat-5kcbat-01","status":"publish","type":"product","link":"https:\/\/solaroutlet.lt\/en\/produktas\/solaredge-jungiamuju-kabeliu-rinkinys-tower-tower-48-v-iac-rbat-5kcbat-01\/","title":{"rendered":"SolarEdge jungiam\u0173j\u0173 kabeli\u0173 rinkinys tower-tower 48 V (IAC-RBAT-5KCBAT-01)"},"content":{"rendered":"<p><strong>\u0160is kabeli\u0173 rinkinys specialiai skirtas \u201eSolarEdge\u201c 48 V baterij\u0173 sistemoms \u2013 naudojama kai baterij\u0173 sistema susideda i\u0161 keli\u0173 moduli\u0173 ir juos reikia sujungti tarpusavyje (modul\u012f su moduliu\/bok\u0161t\u0105 su bok\u0161tu).<\/strong> Rinkinys garantuoja, kad energijos kaupimo sistema veikt\u0173 skland\u017eiai, saugiai, ir pagal visus gamintojo reikalavimus.<\/p>\n<p>Jei planuojate pl\u0117sti 48 V baterij\u0173 sistem\u0105 \u2013 \u0161is kabeli\u0173 rinkinys yra b\u016btinas tam, kad jungtis tarp atskir\u0173 moduli\u0173 b\u016btu profesionali, kokybi\u0161ka, ir pilnai suderinama su gamintojo sprendimais.<\/p>\n<p>Tinkama jungiam\u0173j\u0173 kabeli\u0173 s\u0105ranka u\u017etikrina, kad kiekvienas modulis bus tinkamai integruotas \u012f bendr\u0105 sistem\u0105. Tai itin svarbu saugumui ir garantijos s\u0105lygoms. Montuojant b\u016btina laikytis instrukcij\u0173: kabeliai turi b\u016bti i\u0161vesti tvarkingai, apsaugoti nuo mechani\u0161ko pa\u017eeidimo, ir tinkamai prispausti jungtimis tam, kad b\u016bt\u0173 i\u0161vengta laisv\u0173 kontakt\u0173.<\/p>\n<p>Pagrindin\u0117s savyb\u0117s:<\/p>\n<ul>\n<li>Skirtas baterijos modulio jungimui su kitu baterijos moduliu (SolarEdge Home Battery 48 V versijai).<\/li>\n<li>Supaprastintas montavimas \u2013 profesionalus sprendimas, sutaupantis montavimo laik\u0105 ir ma\u017einantis klaid\u0173 tikimyb\u0119.<\/li>\n<li>Suderinamas su moduline konstrukcija, leid\u017eia sujungti kelis modulius iki bendros talpos.<\/li>\n<li>Matmenys \u2013 190 x 195 x 40 mm.<\/li>\n<\/ul>\n<p><a href=\"https:\/\/gfx3.senetic.com\/akeneo-catalog\/4\/c\/0\/7\/4c0713f7a6bd8107158c2d523ed26987b424b3a7_SolarEdge_katalogo_lapas___IAC_RBAT_5KCBAT_01_EN.pdf?_gl=1*4mf5yh*_gcl_aw*R0NMLjE3NjEzMDI2NTEuQ2p3S0NBand4LXpIQmhCaEVpd0E3S2pxNl80Vy1YUGxVX2RJYW00OUNJZXROYnZhMDFaSm9JNklwVzFiTWo2QmprZWg3NjJMRFZxNGZob0NwdzRRQXZEX0J3RQ..*_gcl_au*OTg4MTQ3MjkxLjE3NTk5MDIwNzMuMTg4OTM1Njc4Mi4xNzYxMzAyMjA5LjE3NjEzMDIyMDg.*_ga*NTU0NDQ1Mzc4LjE3NTk5MDIwNzM.*_ga_LRSRSRFSEN*czE3NjEzMDEzNjEkbzE0JGcxJHQxNzYxMzAyNjU0JGo1NiRsMCRoNDI2OTQwMzMz*_ga_CEDYVDRNE7*czE3NjEzMDEzNjEkbzE0JGcxJHQxNzYxMzAyNjU0JGo1NiRsMCRoMTMxMzA4NjU1NA..\" target=\"_blank\" rel=\"noopener\">\u27a1\ufe0fTechnin\u0117s specifikacijos &#8211; suderinamumas<\/a><\/p>\n","protected":false},"excerpt":{"rendered":"<ul>\n<li>Skirtas baterijos modulio jungimui su kitu baterijos moduliu (SolarEdge Home Battery 48 V versijai).<\/li>\n<li>Supaprastintas montavimas \u2013 profesionalus sprendimas, sutaupantis montavimo laik\u0105 ir ma\u017einantis klaid\u0173 tikimyb\u0119.<\/li>\n<li>Suderinamas su moduline konstrukcija, leid\u017eia sujungti kelis modulius iki bendros talpos.<\/li>\n<li>Matmenys \u2013 190 x 195 x 40 mm.<\/li>\n<\/ul>\n","protected":false},"featured_media":9950,"comment_status":"open","ping_status":"closed","template":"","meta":{"_acf_changed":false,"om_disable_all_campaigns":false,"_uf_show_specific_survey":0,"_uf_disable_surveys":false},"pwb-brand":[205],"gamintojas":[],"product_brand":[],"product_cat":[108],"product_tag":[],"class_list":{"0":"post-9957","1":"product","2":"type-product","3":"status-publish","4":"has-post-thumbnail","6":"pwb-brand-solaredge","7":"product_cat-elektros-energijos-kaupikliai-baterijos","8":"product_shipping_class-a-pristatymo-klase","10":"first","11":"instock","12":"taxable","13":"shipping-taxable","14":"purchasable","15":"product-type-simple"},"acf":[],"aioseo_notices":[],"brands":[{"id":205,"name":"SolarEdge","slug":"solaredge"}],"_links":{"self":[{"href":"https:\/\/solaroutlet.lt\/en\/wp-json\/wp\/v2\/product\/9957","targetHints":{"allow":["GET"]}}],"collection":[{"href":"https:\/\/solaroutlet.lt\/en\/wp-json\/wp\/v2\/product"}],"about":[{"href":"https:\/\/solaroutlet.lt\/en\/wp-json\/wp\/v2\/types\/product"}],"replies":[{"embeddable":true,"href":"https:\/\/solaroutlet.lt\/en\/wp-json\/wp\/v2\/comments?post=9957"}],"wp:featuredmedia":[{"embeddable":true,"href":"https:\/\/solaroutlet.lt\/en\/wp-json\/wp\/v2\/media\/9950"}],"wp:attachment":[{"href":"https:\/\/solaroutlet.lt\/en\/wp-json\/wp\/v2\/media?parent=9957"}],"wp:term":[{"taxonomy":"pwb-brand","embeddable":true,"href":"https:\/\/solaroutlet.lt\/en\/wp-json\/wp\/v2\/pwb-brand?post=9957"},{"taxonomy":"gamintojas","embeddable":true,"href":"https:\/\/solaroutlet.lt\/en\/wp-json\/wp\/v2\/gamintojas?post=9957"},{"taxonomy":"product_brand","embeddable":true,"href":"https:\/\/solaroutlet.lt\/en\/wp-json\/wp\/v2\/product_brand?post=9957"},{"taxonomy":"product_cat","embeddable":true,"href":"https:\/\/solaroutlet.lt\/en\/wp-json\/wp\/v2\/product_cat?post=9957"},{"taxonomy":"product_tag","embeddable":true,"href":"https:\/\/solaroutlet.lt\/en\/wp-json\/wp\/v2\/product_tag?post=9957"}],"curies":[{"name":"wp","href":"https:\/\/api.w.org\/{rel}","templated":true}]}}