{"id":9958,"date":"2025-10-22T15:17:31","date_gmt":"2025-10-22T12:17:31","guid":{"rendered":"https:\/\/solaroutlet.lt\/?post_type=product&#038;p=9958"},"modified":"2025-10-24T13:41:33","modified_gmt":"2025-10-24T10:41:33","slug":"solaredge-grindinis-tvirtinimo-stovas-48-v-home-battery-sistemai-iac-rbat-5kfstd-01","status":"publish","type":"product","link":"https:\/\/solaroutlet.lt\/en\/produktas\/solaredge-grindinis-tvirtinimo-stovas-48-v-home-battery-sistemai-iac-rbat-5kfstd-01\/","title":{"rendered":"SolarEdge grindinis tvirtinimo stovas 48 V \u201eHome Battery\u201c sistemai (IAC-RBAT-5KFSTD-01)"},"content":{"rendered":"<p><strong>\u0160is SolarEdge grindinis stovas skirtas profesionaliam \u012frengimui su \u201eSolarEdge 48 V Home Battery\u201c sistema.<\/strong> Stovas garantuoja, kad J\u016bs\u0173 baterijos modulis b\u016bt\u0173 patikimai ir saugiai pritvirtintas ant grind\u0173, laikantis vis\u0173 gamintojo rekomendacij\u0173.<\/p>\n<p>\u0160io stovo naudojimas yra ypa\u010d reik\u0161mingas baterij\u0173 moduli\u0173 sistemoms ar j\u0173 blokams, kurie montuojami laisvai ant grind\u0173, vietoje sieninio tvirtinimo. Kai montuojama daugiau nei viena baterija, stovas taip pat <strong>palaiko modulin\u0117s sistemos pl\u0117tr\u0105<\/strong>, nes keli stovo vienetai gali b\u016bti sujungti tarpusavyje, formuojant baterij\u0173 \u201ebank\u0105\u201c.<\/p>\n<p>Pagrindin\u0117s savyb\u0117s:<\/p>\n<ul>\n<li>Skirtas baterijos modulio (ar keli\u0173 moduli\u0173) grindiniam montavimui.<\/li>\n<li>Suderinamas su \u201eSolarEdge Home Battery 48 V\u201c sistemomis.<\/li>\n<li>Palaiko pl\u0117tros galimyb\u0119: galima sujungti kelis stovus tarpusavyje.<\/li>\n<li>U\u017etikrina suderinamum\u0105, saugum\u0105, ir garantijos galiojim\u0105.<\/li>\n<li>Matmenys: 540 x 210 x 50 mm.<\/li>\n<li>Svoris: 3.38 kg.<\/li>\n<li>Bus u\u017etikrintas modulio tvirtinimo stabilumas \u2013 ma\u017eesn\u0117 rizika mechaniniams pa\u017eeidimams ar netinkamam montavimui.<\/li>\n<\/ul>\n<p>Montavimui rekomenduotina pasirinkti viet\u0105 su lygiu grind\u0173 pavir\u0161iumi ir pakankamai vietos aplink baterij\u0105 v\u0117dinimui. Taip pat laikykit\u0117s stovo instrukcij\u0173 d\u0117l tvirtinimo prie grind\u0173 ir patariama laikytis rekomenduojamo atstumo tarp moduli\u0173.<\/p>\n<p><a href=\"https:\/\/gfx3.senetic.com\/akeneo-catalog\/d\/2\/2\/1\/d221e98b9611fd1db73d061daa535a65ea8bb285_SolarEdge_katalogo_lapas___IAC_RBAT_5KFSTD_01_EN.pdf?_gl=1*195nljw*_gcl_aw*R0NMLjE3NjEzMDIyMDguQ2p3S0NBand4LXpIQmhCaEVpd0E3S2pxNnctandrU1RzRG9hcG5nSk4yTGMxWnN6OEhOOS0yekpjYnJuMlpNXy1IUHhpSTB3ZGc1M2x4b0NjcElRQXZEX0J3RQ..*_gcl_au*OTg4MTQ3MjkxLjE3NTk5MDIwNzMuMTg4OTM1Njc4Mi4xNzYxMzAyMjA5LjE3NjEzMDIyMDg.*_ga*NTU0NDQ1Mzc4LjE3NTk5MDIwNzM.*_ga_CEDYVDRNE7*czE3NjEzMDEzNjEkbzE0JGcxJHQxNzYxMzAyMjExJGo1NiRsMCRoMTMxMzA4NjU1NA..*_ga_LRSRSRFSEN*czE3NjEzMDEzNjEkbzE0JGcxJHQxNzYxMzAyMjExJGo1NiRsMCRoNDI2OTQwMzMz\" target=\"_blank\" rel=\"noopener\">\u27a1\ufe0fTechnin\u0117s specifikacijos &#8211; suderinamumas<\/a><\/p>\n","protected":false},"excerpt":{"rendered":"<ul>\n<li>Skirtas baterijos modulio (ar keli\u0173 moduli\u0173) grindiniam montavimui.<\/li>\n<li>Suderinamas su \u201eSolarEdge Home Battery 48 V\u201c sistemomis.<\/li>\n<li>Palaiko pl\u0117tros galimyb\u0119: galima sujungti kelis stovus tarpusavyje.<\/li>\n<li>U\u017etikrina suderinamum\u0105, saugum\u0105, ir garantijos galiojim\u0105.<\/li>\n<li>Matmenys: 540 x 210 x 50 mm.<\/li>\n<li>Svoris: 3.38 kg.<\/li>\n<li>Bus u\u017etikrintas modulio tvirtinimo stabilumas \u2013 ma\u017eesn\u0117 rizika mechaniniams pa\u017eeidimams ar netinkamam montavimui.<\/li>\n<\/ul>\n","protected":false},"featured_media":9959,"comment_status":"open","ping_status":"closed","template":"","meta":{"_acf_changed":false,"om_disable_all_campaigns":false,"_uf_show_specific_survey":0,"_uf_disable_surveys":false},"pwb-brand":[205],"gamintojas":[],"product_brand":[],"product_cat":[108],"product_tag":[],"class_list":{"0":"post-9958","1":"product","2":"type-product","3":"status-publish","4":"has-post-thumbnail","6":"pwb-brand-solaredge","7":"product_cat-elektros-energijos-kaupikliai-baterijos","8":"product_shipping_class-b-pristatymo-klase","10":"first","11":"instock","12":"taxable","13":"shipping-taxable","14":"purchasable","15":"product-type-simple"},"acf":[],"aioseo_notices":[],"brands":[{"id":205,"name":"SolarEdge","slug":"solaredge"}],"_links":{"self":[{"href":"https:\/\/solaroutlet.lt\/en\/wp-json\/wp\/v2\/product\/9958","targetHints":{"allow":["GET"]}}],"collection":[{"href":"https:\/\/solaroutlet.lt\/en\/wp-json\/wp\/v2\/product"}],"about":[{"href":"https:\/\/solaroutlet.lt\/en\/wp-json\/wp\/v2\/types\/product"}],"replies":[{"embeddable":true,"href":"https:\/\/solaroutlet.lt\/en\/wp-json\/wp\/v2\/comments?post=9958"}],"wp:featuredmedia":[{"embeddable":true,"href":"https:\/\/solaroutlet.lt\/en\/wp-json\/wp\/v2\/media\/9959"}],"wp:attachment":[{"href":"https:\/\/solaroutlet.lt\/en\/wp-json\/wp\/v2\/media?parent=9958"}],"wp:term":[{"taxonomy":"pwb-brand","embeddable":true,"href":"https:\/\/solaroutlet.lt\/en\/wp-json\/wp\/v2\/pwb-brand?post=9958"},{"taxonomy":"gamintojas","embeddable":true,"href":"https:\/\/solaroutlet.lt\/en\/wp-json\/wp\/v2\/gamintojas?post=9958"},{"taxonomy":"product_brand","embeddable":true,"href":"https:\/\/solaroutlet.lt\/en\/wp-json\/wp\/v2\/product_brand?post=9958"},{"taxonomy":"product_cat","embeddable":true,"href":"https:\/\/solaroutlet.lt\/en\/wp-json\/wp\/v2\/product_cat?post=9958"},{"taxonomy":"product_tag","embeddable":true,"href":"https:\/\/solaroutlet.lt\/en\/wp-json\/wp\/v2\/product_tag?post=9958"}],"curies":[{"name":"wp","href":"https:\/\/api.w.org\/{rel}","templated":true}]}}